{"id":6,"date":"2017-04-07T10:28:12","date_gmt":"2017-04-07T10:28:12","guid":{"rendered":"https:\/\/www.eurodies.com\/?page_id=6"},"modified":"2022-06-29T14:25:40","modified_gmt":"2022-06-29T14:25:40","slug":"chi-siamo","status":"publish","type":"page","link":"https:\/\/www.eurodies.com\/it\/chi-siamo\/","title":{"rendered":"Chi siamo"},"content":{"rendered":"<p><div class=\"fusion-fullwidth fullwidth-box fusion-builder-row-1 fusion-flex-container nonhundred-percent-fullwidth non-hundred-percent-height-scrolling\" style=\"--awb-background-position:left top;--awb-border-sizes-top:0px;--awb-border-sizes-bottom:0px;--awb-border-sizes-left:0px;--awb-border-sizes-right:0px;--awb-border-radius-top-left:0px;--awb-border-radius-top-right:0px;--awb-border-radius-bottom-right:0px;--awb-border-radius-bottom-left:0px;--awb-padding-top:0px;--awb-padding-right:0px;--awb-padding-bottom:0px;--awb-padding-left:0px;--awb-padding-right-small:20px;--awb-padding-left-small:20px;--awb-flex-wrap:wrap;\" ><div class=\"fusion-builder-row fusion-row fusion-flex-align-items-flex-start fusion-flex-justify-content-center fusion-flex-content-wrap\" style=\"max-width:104%;margin-left: calc(-4% \/ 2 );margin-right: calc(-4% \/ 2 );\"><div class=\"fusion-layout-column fusion_builder_column fusion-builder-column-0 fusion_builder_column_2_3 2_3 fusion-flex-column\" style=\"--awb-bg-size:cover;--awb-width-large:66.666666666667%;--awb-margin-top-large:0px;--awb-spacing-right-large:2.88%;--awb-margin-bottom-large:20px;--awb-spacing-left-large:2.88%;--awb-width-medium:100%;--awb-spacing-right-medium:1.92%;--awb-spacing-left-medium:1.92%;--awb-width-small:100%;--awb-spacing-right-small:1.92%;--awb-spacing-left-small:1.92%;\"><div class=\"fusion-column-wrapper fusion-flex-justify-content-flex-start fusion-content-layout-column\"><div class=\"fusion-title title fusion-title-1 fusion-sep-none fusion-title-text fusion-title-size-one\" style=\"--awb-margin-top-small:10px;--awb-margin-right-small:0px;--awb-margin-bottom-small:10px;--awb-margin-left-small:0px;\"><h1 class=\"fusion-title-heading title-heading-left fusion-responsive-typography-calculated\" style=\"margin:0;--fontSize:42;line-height:1.2;\">ENGINEERING TOGETHER<\/h1><\/div><div class=\"fusion-text fusion-text-1\" style=\"--awb-text-transform:none;\"><p>Marina ed io viviamo e lavoriamo insieme. Condividiamo ogni giorno scelte, idee, emozioni. Abbiamo uno stile diretto nella relazione con i clienti e i collaboratori, e ci piace affrontare ogni progetto con il rigore e la creativit\u00e0 sartoriale che hanno fatto la storia della manifattura italiana.<\/p>\n<p>Lavorano con noi 180 persone. Ciascuna di loro vive il valore e la responsabilit\u00e0 del proprio ruolo. Ciascuna di loro \u00e8 importante per consegnare un prodotto perfetto nei tempi richiesti. \u00c8 questa la nostra promessa. E anche la nostra soddisfazione.<\/p>\n<\/div><div class=\"fusion-text fusion-text-2\" style=\"--awb-font-size:18px;--awb-line-height:1.1;--awb-text-transform:none;--awb-text-color:#707070;\"><p style=\"text-align: right;\">Enzo Rosati<br \/>\n<em>Amministratore Delegato<\/em><\/p>\n<\/div><\/div><\/div><\/div><\/div><div class=\"fusion-fullwidth fullwidth-box fusion-builder-row-2 fusion-flex-container hundred-percent-fullwidth non-hundred-percent-height-scrolling\" style=\"--awb-border-radius-top-left:0px;--awb-border-radius-top-right:0px;--awb-border-radius-bottom-right:0px;--awb-border-radius-bottom-left:0px;--awb-overflow:visible;--awb-padding-right:0px;--awb-padding-left:0px;--awb-padding-right-small:20px;--awb-padding-left-small:20px;--awb-margin-bottom:180px;--awb-margin-bottom-small:20px;--awb-flex-wrap:wrap;\" ><div class=\"fusion-builder-row fusion-row fusion-flex-align-items-flex-start fusion-flex-justify-content-center fusion-flex-content-wrap\" style=\"width:104% !important;max-width:104% !important;margin-left: calc(-4% \/ 2 );margin-right: calc(-4% \/ 2 );\"><div class=\"fusion-layout-column fusion_builder_column fusion-builder-column-1 fusion_builder_column_2_3 2_3 fusion-flex-column fusion-flex-align-self-flex-start fusion-column-no-min-height\" style=\"--awb-bg-size:cover;--awb-width-large:66.666666666667%;--awb-margin-top-large:0px;--awb-spacing-right-large:2.88%;--awb-margin-bottom-large:0px;--awb-spacing-left-large:2.88%;--awb-width-medium:100%;--awb-spacing-right-medium:1.92%;--awb-spacing-left-medium:1.92%;--awb-width-small:100%;--awb-spacing-right-small:1.92%;--awb-spacing-left-small:1.92%;\"><div class=\"fusion-column-wrapper fusion-flex-justify-content-flex-start fusion-content-layout-column\"><div class=\"fusion-image-element \" style=\"--awb-caption-title-font-family:var(--h2_typography-font-family);--awb-caption-title-font-weight:var(--h2_typography-font-weight);--awb-caption-title-font-style:var(--h2_typography-font-style);--awb-caption-title-size:var(--h2_typography-font-size);--awb-caption-title-transform:var(--h2_typography-text-transform);--awb-caption-title-line-height:var(--h2_typography-line-height);--awb-caption-title-letter-spacing:var(--h2_typography-letter-spacing);\"><span class=\" fusion-imageframe imageframe-none imageframe-1 hover-type-none\"><img decoding=\"async\" width=\"1193\" height=\"514\" title=\"Eurodies-chi-siamo\" src=\"https:\/\/www.eurodies.com\/wp-content\/uploads\/2022\/04\/Eurodies-chi-siamo.jpg\" alt class=\"img-responsive wp-image-1598\" srcset=\"https:\/\/www.eurodies.com\/wp-content\/uploads\/2022\/04\/Eurodies-chi-siamo-200x86.jpg 200w, https:\/\/www.eurodies.com\/wp-content\/uploads\/2022\/04\/Eurodies-chi-siamo-400x172.jpg 400w, https:\/\/www.eurodies.com\/wp-content\/uploads\/2022\/04\/Eurodies-chi-siamo-600x259.jpg 600w, https:\/\/www.eurodies.com\/wp-content\/uploads\/2022\/04\/Eurodies-chi-siamo-800x345.jpg 800w, https:\/\/www.eurodies.com\/wp-content\/uploads\/2022\/04\/Eurodies-chi-siamo.jpg 1193w\" sizes=\"(max-width: 1024px) 100vw, (max-width: 640px) 100vw, 1193px\" \/><\/span><\/div><div class=\"fusion-image-element \" style=\"--awb-caption-title-font-family:var(--h2_typography-font-family);--awb-caption-title-font-weight:var(--h2_typography-font-weight);--awb-caption-title-font-style:var(--h2_typography-font-style);--awb-caption-title-size:var(--h2_typography-font-size);--awb-caption-title-transform:var(--h2_typography-text-transform);--awb-caption-title-line-height:var(--h2_typography-line-height);--awb-caption-title-letter-spacing:var(--h2_typography-letter-spacing);\"><span class=\" fusion-imageframe imageframe-none imageframe-2 hover-type-none\"><img decoding=\"async\" width=\"1193\" height=\"895\" title=\"Eurodies-sede\" src=\"https:\/\/www.eurodies.com\/wp-content\/uploads\/2022\/04\/Eurodies-sede.jpg\" alt class=\"img-responsive wp-image-1600\" srcset=\"https:\/\/www.eurodies.com\/wp-content\/uploads\/2022\/04\/Eurodies-sede-200x150.jpg 200w, https:\/\/www.eurodies.com\/wp-content\/uploads\/2022\/04\/Eurodies-sede-400x300.jpg 400w, https:\/\/www.eurodies.com\/wp-content\/uploads\/2022\/04\/Eurodies-sede-600x450.jpg 600w, https:\/\/www.eurodies.com\/wp-content\/uploads\/2022\/04\/Eurodies-sede-800x600.jpg 800w, https:\/\/www.eurodies.com\/wp-content\/uploads\/2022\/04\/Eurodies-sede.jpg 1193w\" sizes=\"(max-width: 1024px) 100vw, (max-width: 640px) 100vw, 1193px\" \/><\/span><\/div><\/div><\/div><\/div><\/div><\/p>\n","protected":false},"excerpt":{"rendered":"","protected":false},"author":1,"featured_media":0,"parent":0,"menu_order":0,"comment_status":"closed","ping_status":"closed","template":"100-width.php","meta":{"_acf_changed":false,"om_disable_all_campaigns":false,"_monsterinsights_skip_tracking":false,"_monsterinsights_sitenote_active":false,"_monsterinsights_sitenote_note":"","_monsterinsights_sitenote_category":0,"footnotes":""},"class_list":["post-6","page","type-page","status-publish","hentry"],"acf":[],"yoast_head":"<!-- This site is optimized with the Yoast SEO plugin v27.4 - https:\/\/yoast.com\/product\/yoast-seo-wordpress\/ -->\n<title>Chi siamo - eurodiesgroup<\/title>\n<meta name=\"robots\" content=\"index, follow, max-snippet:-1, max-image-preview:large, max-video-preview:-1\" \/>\n<link rel=\"canonical\" href=\"https:\/\/www.eurodies.com\/it\/chi-siamo\/\" \/>\n<meta property=\"og:locale\" content=\"it_IT\" \/>\n<meta property=\"og:type\" content=\"article\" \/>\n<meta property=\"og:title\" content=\"Chi siamo - eurodiesgroup\" \/>\n<meta property=\"og:url\" content=\"https:\/\/www.eurodies.com\/it\/chi-siamo\/\" \/>\n<meta property=\"og:site_name\" content=\"eurodiesgroup\" \/>\n<meta property=\"article:modified_time\" content=\"2022-06-29T14:25:40+00:00\" \/>\n<meta name=\"twitter:card\" content=\"summary_large_image\" \/>\n<meta name=\"twitter:label1\" content=\"Tempo di lettura stimato\" \/>\n\t<meta name=\"twitter:data1\" content=\"4 minuti\" \/>\n<!-- \/ Yoast SEO plugin. -->","yoast_head_json":{"title":"Chi siamo - eurodiesgroup","robots":{"index":"index","follow":"follow","max-snippet":"max-snippet:-1","max-image-preview":"max-image-preview:large","max-video-preview":"max-video-preview:-1"},"canonical":"https:\/\/www.eurodies.com\/it\/chi-siamo\/","og_locale":"it_IT","og_type":"article","og_title":"Chi siamo - eurodiesgroup","og_url":"https:\/\/www.eurodies.com\/it\/chi-siamo\/","og_site_name":"eurodiesgroup","article_modified_time":"2022-06-29T14:25:40+00:00","twitter_card":"summary_large_image","twitter_misc":{"Tempo di lettura stimato":"4 minuti"},"schema":{"@context":"https:\/\/schema.org","@graph":[{"@type":"WebPage","@id":"https:\/\/www.eurodies.com\/it\/chi-siamo\/","url":"https:\/\/www.eurodies.com\/it\/chi-siamo\/","name":"Chi siamo - eurodiesgroup","isPartOf":{"@id":"https:\/\/www.eurodies.com\/it\/#website"},"datePublished":"2017-04-07T10:28:12+00:00","dateModified":"2022-06-29T14:25:40+00:00","breadcrumb":{"@id":"https:\/\/www.eurodies.com\/it\/chi-siamo\/#breadcrumb"},"inLanguage":"it-IT","potentialAction":[{"@type":"ReadAction","target":["https:\/\/www.eurodies.com\/it\/chi-siamo\/"]}]},{"@type":"BreadcrumbList","@id":"https:\/\/www.eurodies.com\/it\/chi-siamo\/#breadcrumb","itemListElement":[{"@type":"ListItem","position":1,"name":"Home","item":"https:\/\/www.eurodies.com\/it\/"},{"@type":"ListItem","position":2,"name":"Chi siamo"}]},{"@type":"WebSite","@id":"https:\/\/www.eurodies.com\/it\/#website","url":"https:\/\/www.eurodies.com\/it\/","name":"eurodiesgroup","description":"Eurodies","potentialAction":[{"@type":"SearchAction","target":{"@type":"EntryPoint","urlTemplate":"https:\/\/www.eurodies.com\/it\/?s={search_term_string}"},"query-input":{"@type":"PropertyValueSpecification","valueRequired":true,"valueName":"search_term_string"}}],"inLanguage":"it-IT"}]}},"_links":{"self":[{"href":"https:\/\/www.eurodies.com\/it\/wp-json\/wp\/v2\/pages\/6","targetHints":{"allow":["GET"]}}],"collection":[{"href":"https:\/\/www.eurodies.com\/it\/wp-json\/wp\/v2\/pages"}],"about":[{"href":"https:\/\/www.eurodies.com\/it\/wp-json\/wp\/v2\/types\/page"}],"author":[{"embeddable":true,"href":"https:\/\/www.eurodies.com\/it\/wp-json\/wp\/v2\/users\/1"}],"replies":[{"embeddable":true,"href":"https:\/\/www.eurodies.com\/it\/wp-json\/wp\/v2\/comments?post=6"}],"version-history":[{"count":0,"href":"https:\/\/www.eurodies.com\/it\/wp-json\/wp\/v2\/pages\/6\/revisions"}],"wp:attachment":[{"href":"https:\/\/www.eurodies.com\/it\/wp-json\/wp\/v2\/media?parent=6"}],"curies":[{"name":"wp","href":"https:\/\/api.w.org\/{rel}","templated":true}]}}