{"id":1736,"date":"2022-04-23T19:25:20","date_gmt":"2022-04-23T19:25:20","guid":{"rendered":"https:\/\/www.eurodies.com\/?page_id=1736"},"modified":"2022-06-27T18:56:06","modified_gmt":"2022-06-27T18:56:06","slug":"gdpr","status":"publish","type":"page","link":"https:\/\/www.eurodies.com\/it\/gdpr\/","title":{"rendered":"GDPR"},"content":{"rendered":"<div class=\"fusion-fullwidth fullwidth-box fusion-builder-row-1 fusion-flex-container nonhundred-percent-fullwidth non-hundred-percent-height-scrolling\" style=\"--awb-background-position:left top;--awb-border-sizes-top:0px;--awb-border-sizes-bottom:0px;--awb-border-sizes-left:0px;--awb-border-sizes-right:0px;--awb-border-radius-top-left:0px;--awb-border-radius-top-right:0px;--awb-border-radius-bottom-right:0px;--awb-border-radius-bottom-left:0px;--awb-padding-top:20px;--awb-padding-right:140px;--awb-padding-bottom:20px;--awb-padding-left:140px;--awb-padding-right-small:20px;--awb-padding-left-small:20px;--awb-flex-wrap:wrap;\" ><div class=\"fusion-builder-row fusion-row fusion-flex-align-items-flex-start fusion-flex-justify-content-center fusion-flex-content-wrap\" style=\"max-width:104%;margin-left: calc(-4% \/ 2 );margin-right: calc(-4% \/ 2 );\"><div class=\"fusion-layout-column fusion_builder_column fusion-builder-column-0 fusion_builder_column_2_3 2_3 fusion-flex-column\" style=\"--awb-bg-size:cover;--awb-width-large:66.666666666667%;--awb-margin-top-large:0px;--awb-spacing-right-large:2.88%;--awb-margin-bottom-large:20px;--awb-spacing-left-large:2.88%;--awb-width-medium:100%;--awb-spacing-right-medium:1.92%;--awb-spacing-left-medium:1.92%;--awb-width-small:100%;--awb-spacing-right-small:1.92%;--awb-spacing-left-small:1.92%;\"><div class=\"fusion-column-wrapper fusion-flex-justify-content-flex-start fusion-content-layout-column\"><div class=\"fusion-title title fusion-title-1 fusion-sep-none fusion-title-text fusion-title-size-one\" style=\"--awb-margin-bottom:50px;--awb-margin-top-small:10px;--awb-margin-right-small:0px;--awb-margin-bottom-small:10px;--awb-margin-left-small:0px;--awb-font-size:36px;\"><h1 class=\"fusion-title-heading title-heading-left fusion-responsive-typography-calculated\" style=\"margin:0;font-size:1em;--fontSize:36;line-height:1.2;\">Il corretto trattamento dei dati personali come fattore di sviluppo sostenibile<\/h1><\/div><div class=\"fusion-text fusion-text-1\" style=\"--awb-text-transform:none;\"><p>Ti chiedi perch\u00e9 diamo tanto valore al GDPR? Come azienda orientata all\u2019innovazione, promuoviamo una cultura del lavoro avanzata non solo nello sviluppo tecnologico, ma anche nel modello organizzativo e nella valorizzazione delle persone della nostra squadra.<\/p>\n<p>La sigla GDPR (<em>General Data Protection Regulation<\/em>) abbraccia l\u2019ampio tema del trattamento dei dati personali. Le corrette pratiche che implica questa materia sono un aspetto sostanziale della vita della nostra impresa, dove la corretta circolazione dei dati provenienti dalle varie aree e la loro qualit\u00e0 rappresentano, e rappresenteranno sempre di pi\u00f9 in futuro, una garanzia per lo sviluppo sostenibile, etico e trasparente di tutte le nostre attivit\u00e0.<\/p>\n<p>Data l\u2019importanza di tutelare la riservatezza dei dati personali, dedichiamo questa pagina del sito alla documentazione dedicata a questo tema, in formato pdf, in modo che sia sempre consultabile da tutti, e sempre aggiornata. Se desideri approfondire il tema, o chiedere chiarimenti sulle informative, siamo a tua disposizione.<\/p>\n<p>Scarica qui il documento di tuo interesse<\/p>\n<p><a style=\"text-decoration: underline; font-weight: bold; color: #ed7225;\" href=\"\/wp-content\/uploads\/2022\/05\/Informativa-GDPR-per-i-dipendenti.pdf\" target=\"_blank\" rel=\"noopener\">Informativa GDPR per i dipendenti<\/a><\/p>\n<p><a style=\"text-decoration: underline; font-weight: bold; color: #ed7225;\" href=\"\/wp-content\/uploads\/2022\/05\/Informativa-GDPR-per-i-collaboratori-esterni.pdf\" target=\"_blank\" rel=\"noopener\">Informativa GDPR per i collaboratori esterni, consulenti e fornitori<\/a><\/p>\n<p><a style=\"text-decoration: underline; font-weight: bold; color: #ed7225;\" href=\"\/wp-content\/uploads\/2022\/05\/Informativa-GDPR-per-i-candidati.pdf\" target=\"_blank\" rel=\"noopener\">Informativa GDPR per i candidati a una posizione professionale<\/a><\/p>\n<\/div><\/div><\/div><\/div><\/div>\n","protected":false},"excerpt":{"rendered":"","protected":false},"author":1,"featured_media":0,"parent":0,"menu_order":0,"comment_status":"closed","ping_status":"closed","template":"100-width.php","meta":{"_acf_changed":false,"om_disable_all_campaigns":false,"_monsterinsights_skip_tracking":false,"_monsterinsights_sitenote_active":false,"_monsterinsights_sitenote_note":"","_monsterinsights_sitenote_category":0,"footnotes":""},"class_list":["post-1736","page","type-page","status-publish","hentry"],"acf":[],"yoast_head":"<!-- This site is optimized with the Yoast SEO plugin v27.4 - https:\/\/yoast.com\/product\/yoast-seo-wordpress\/ -->\n<title>GDPR - eurodiesgroup<\/title>\n<meta name=\"robots\" content=\"index, follow, max-snippet:-1, max-image-preview:large, max-video-preview:-1\" \/>\n<link rel=\"canonical\" href=\"https:\/\/www.eurodies.com\/it\/gdpr\/\" \/>\n<meta property=\"og:locale\" content=\"it_IT\" \/>\n<meta property=\"og:type\" content=\"article\" \/>\n<meta property=\"og:title\" content=\"GDPR - eurodiesgroup\" \/>\n<meta property=\"og:url\" content=\"https:\/\/www.eurodies.com\/it\/gdpr\/\" \/>\n<meta property=\"og:site_name\" content=\"eurodiesgroup\" \/>\n<meta property=\"article:modified_time\" content=\"2022-06-27T18:56:06+00:00\" \/>\n<meta name=\"twitter:card\" content=\"summary_large_image\" \/>\n<meta name=\"twitter:label1\" content=\"Tempo di lettura stimato\" \/>\n\t<meta name=\"twitter:data1\" content=\"4 minuti\" \/>\n<!-- \/ Yoast SEO plugin. -->","yoast_head_json":{"title":"GDPR - eurodiesgroup","robots":{"index":"index","follow":"follow","max-snippet":"max-snippet:-1","max-image-preview":"max-image-preview:large","max-video-preview":"max-video-preview:-1"},"canonical":"https:\/\/www.eurodies.com\/it\/gdpr\/","og_locale":"it_IT","og_type":"article","og_title":"GDPR - eurodiesgroup","og_url":"https:\/\/www.eurodies.com\/it\/gdpr\/","og_site_name":"eurodiesgroup","article_modified_time":"2022-06-27T18:56:06+00:00","twitter_card":"summary_large_image","twitter_misc":{"Tempo di lettura stimato":"4 minuti"},"schema":{"@context":"https:\/\/schema.org","@graph":[{"@type":"WebPage","@id":"https:\/\/www.eurodies.com\/it\/gdpr\/","url":"https:\/\/www.eurodies.com\/it\/gdpr\/","name":"GDPR - eurodiesgroup","isPartOf":{"@id":"https:\/\/www.eurodies.com\/it\/#website"},"datePublished":"2022-04-23T19:25:20+00:00","dateModified":"2022-06-27T18:56:06+00:00","breadcrumb":{"@id":"https:\/\/www.eurodies.com\/it\/gdpr\/#breadcrumb"},"inLanguage":"it-IT","potentialAction":[{"@type":"ReadAction","target":["https:\/\/www.eurodies.com\/it\/gdpr\/"]}]},{"@type":"BreadcrumbList","@id":"https:\/\/www.eurodies.com\/it\/gdpr\/#breadcrumb","itemListElement":[{"@type":"ListItem","position":1,"name":"Home","item":"https:\/\/www.eurodies.com\/it\/"},{"@type":"ListItem","position":2,"name":"GDPR"}]},{"@type":"WebSite","@id":"https:\/\/www.eurodies.com\/it\/#website","url":"https:\/\/www.eurodies.com\/it\/","name":"eurodiesgroup","description":"Eurodies","potentialAction":[{"@type":"SearchAction","target":{"@type":"EntryPoint","urlTemplate":"https:\/\/www.eurodies.com\/it\/?s={search_term_string}"},"query-input":{"@type":"PropertyValueSpecification","valueRequired":true,"valueName":"search_term_string"}}],"inLanguage":"it-IT"}]}},"_links":{"self":[{"href":"https:\/\/www.eurodies.com\/it\/wp-json\/wp\/v2\/pages\/1736","targetHints":{"allow":["GET"]}}],"collection":[{"href":"https:\/\/www.eurodies.com\/it\/wp-json\/wp\/v2\/pages"}],"about":[{"href":"https:\/\/www.eurodies.com\/it\/wp-json\/wp\/v2\/types\/page"}],"author":[{"embeddable":true,"href":"https:\/\/www.eurodies.com\/it\/wp-json\/wp\/v2\/users\/1"}],"replies":[{"embeddable":true,"href":"https:\/\/www.eurodies.com\/it\/wp-json\/wp\/v2\/comments?post=1736"}],"version-history":[{"count":0,"href":"https:\/\/www.eurodies.com\/it\/wp-json\/wp\/v2\/pages\/1736\/revisions"}],"wp:attachment":[{"href":"https:\/\/www.eurodies.com\/it\/wp-json\/wp\/v2\/media?parent=1736"}],"curies":[{"name":"wp","href":"https:\/\/api.w.org\/{rel}","templated":true}]}}