{"id":3415,"date":"2023-12-14T10:31:47","date_gmt":"2023-12-14T10:31:47","guid":{"rendered":"https:\/\/www.eurodies.com\/whistleblowing-de\/"},"modified":"2023-12-28T08:31:02","modified_gmt":"2023-12-28T08:31:02","slug":"whistleblowing-de","status":"publish","type":"page","link":"https:\/\/www.eurodies.com\/de\/whistleblowing-de\/","title":{"rendered":"WHISTLEBLOWING"},"content":{"rendered":"<div class=\"fusion-fullwidth fullwidth-box fusion-builder-row-1 fusion-flex-container nonhundred-percent-fullwidth non-hundred-percent-height-scrolling\" style=\"--awb-background-position:left top;--awb-border-sizes-top:0px;--awb-border-sizes-bottom:0px;--awb-border-sizes-left:0px;--awb-border-sizes-right:0px;--awb-border-radius-top-left:0px;--awb-border-radius-top-right:0px;--awb-border-radius-bottom-right:0px;--awb-border-radius-bottom-left:0px;--awb-padding-top:20px;--awb-padding-right:140px;--awb-padding-bottom:20px;--awb-padding-left:140px;--awb-padding-right-small:20px;--awb-padding-left-small:20px;--awb-flex-wrap:wrap;\" ><div class=\"fusion-builder-row fusion-row fusion-flex-align-items-flex-start fusion-flex-justify-content-center fusion-flex-content-wrap\" style=\"max-width:104%;margin-left: calc(-4% \/ 2 );margin-right: calc(-4% \/ 2 );\"><div class=\"fusion-layout-column fusion_builder_column fusion-builder-column-0 fusion_builder_column_2_3 2_3 fusion-flex-column\" style=\"--awb-bg-size:cover;--awb-width-large:66.666666666667%;--awb-margin-top-large:0px;--awb-spacing-right-large:2.88%;--awb-margin-bottom-large:20px;--awb-spacing-left-large:2.88%;--awb-width-medium:100%;--awb-spacing-right-medium:1.92%;--awb-spacing-left-medium:1.92%;--awb-width-small:100%;--awb-spacing-right-small:1.92%;--awb-spacing-left-small:1.92%;\"><div class=\"fusion-column-wrapper fusion-flex-justify-content-flex-start fusion-content-layout-column\"><div class=\"fusion-title title fusion-title-1 fusion-sep-none fusion-title-text fusion-title-size-one\" style=\"--awb-margin-bottom:50px;--awb-font-size:36px;\"><h1 class=\"fusion-title-heading title-heading-left fusion-responsive-typography-calculated\" style=\"margin:0;font-size:1em;--fontSize:36;line-height:1.2;\">Die Plattform f\u00fcr die Meldung von rechtswidrigen Handlungen oder Whistleblowing steht zur Verf\u00fcgung.<\/h1><\/div><div class=\"fusion-text fusion-text-1\" style=\"--awb-text-transform:none;\"><p>In unserem Unternehmen wird die Verantwortung f\u00fcr die Schaffung eines ansprechenden und gerechten Arbeitsplatzes ernst genommen und es wird nicht nur davon gesprochen, sondern konkret in die Tat umgesetzt.<\/p>\n<p>Unsere interne Kultur f\u00f6rdert gegenseitigen Respekt gegen\u00fcber Kollegen sowie Kunden und allen anderen, mit denen wir zusammenarbeiten. Dies hilft uns, den Ruf von Eurodies bei allen internen und externen Ansprechpartnern auf einem hohen Niveau zu halten und vor allem keine Verst\u00f6\u00dfe zu begehen.<\/p>\n<p>Als rechtliche Verantwortliche des Unternehmens begr\u00fc\u00dfen wir die Meldung jeglichen illegalen Verhaltens oder sch\u00e4dlicher Aktivit\u00e4ten, von denen man am Arbeitsplatz Zeuge wird. Jeder, der mit uns arbeitet oder f\u00fcr uns t\u00e4tig ist, kann nicht nur Verst\u00f6\u00dfe nach \u00a7 231, sondern auch Verst\u00f6\u00dfe gegen das Modell 231 in den vorgesehenen F\u00e4llen und Bereichen sowie Verst\u00f6\u00dfe gegen das EU-Recht und Verletzungen des Ethik-Codes melden.<\/p>\n<p>Um Meldungen von rechtswidrigen Handlungen, auch &#8222;Whistleblowing&#8220; genannt, in vollst\u00e4ndiger Sicherheit zu erm\u00f6glichen, haben wir eine dedizierte digitale Plattform eingerichtet, die einfach zu bedienen ist.<\/p>\n<\/div><div class=\"fusion-text fusion-text-2\"><p><strong>Um einen Versto\u00df auf der Eurodies-Plattform zu melden<\/strong><\/p>\n<\/div><div ><a class=\"fusion-button button-flat fusion-button-default-size button-custom fusion-button-default button-1 fusion-button-default-span fusion-button-default-type\" style=\"--button_accent_color:#ffffff;--button_accent_hover_color:#ffffff;--button_border_hover_color:#ffffff;--button-border-radius-top-left:50px;--button-border-radius-top-right:50px;--button-border-radius-bottom-right:50px;--button-border-radius-bottom-left:50px;--button_gradient_top_color:var(--awb-color6);--button_gradient_bottom_color:var(--awb-color6);--button_gradient_top_color_hover:rgba(237,114,37,0.7);--button_gradient_bottom_color_hover:rgba(237,114,37,0.7);--button_text_transform:none;--button_font_size:18px;--button_padding-top:24px;--button_padding-right:42px;--button_padding-bottom:24px;--button_padding-left:42px;--button_typography-font-family:&quot;Roboto&quot;;--button_typography-font-style:normal;--button_typography-font-weight:700;--button_margin-top:0px;--button_margin-bottom:30px;\" target=\"_blank\" rel=\"noopener noreferrer\" href=\"https:\/\/eurodies.integrity.complylog.com\/\"><span class=\"fusion-button-text awb-button__text awb-button__text--default\">klicken Sie hier<\/span><\/a><\/div><div class=\"fusion-text fusion-text-3\"><p>Es ist entscheidend, jede rechtswidrige Handlung sofort zu stoppen: Jeder Versto\u00df kann dem Unternehmen und den Mitarbeiterinnen und Mitarbeitern Schaden zuf\u00fcgen. Gemeinsam gegen Verst\u00f6\u00dfe vorzugehen, macht den Arbeitsplatz f\u00fcr alle besser.<\/p>\n<p>Um das Thema weiter zu vertiefen und die Verwendung der Plattform zu zeigen, k\u00f6nnen Sie die folgenden Seiten zu Rate ziehen:<\/p>\n<p><a style=\"text-decoration: underline; font-weight: bold; color: #ed7225;\" href=\"https:\/\/www.eurodies.com\/wp-content\/uploads\/2023\/12\/Eurodies-Die-Meldeverfahren-3.pdf\">Die Meldeverfahren (PDF)<\/a><\/p>\n<p><a style=\"text-decoration: underline; font-weight: bold; color: #ed7225;\" href=\"https:\/\/www.eurodies.com\/wp-content\/uploads\/2023\/12\/Eurodies-Die-Anleitung-zur-Nutzung-der-Plattform-2.pdf\">Die Anleitung zur Nutzung der Plattform (PDF)<\/a><\/p>\n<\/div><\/div><\/div><\/div><\/div>\n","protected":false},"excerpt":{"rendered":"","protected":false},"author":1,"featured_media":0,"parent":0,"menu_order":0,"comment_status":"closed","ping_status":"closed","template":"","meta":{"_acf_changed":false,"om_disable_all_campaigns":false,"_monsterinsights_skip_tracking":false,"_monsterinsights_sitenote_active":false,"_monsterinsights_sitenote_note":"","_monsterinsights_sitenote_category":0,"footnotes":""},"class_list":["post-3415","page","type-page","status-publish","hentry"],"acf":[],"yoast_head":"<!-- This site is optimized with the Yoast SEO plugin v27.2 - https:\/\/yoast.com\/product\/yoast-seo-wordpress\/ -->\n<title>WHISTLEBLOWING - eurodiesgroup<\/title>\n<meta name=\"robots\" content=\"index, follow, max-snippet:-1, max-image-preview:large, max-video-preview:-1\" \/>\n<link rel=\"canonical\" href=\"https:\/\/www.eurodies.com\/de\/whistleblowing-de\/\" \/>\n<meta property=\"og:locale\" content=\"de_DE\" \/>\n<meta property=\"og:type\" content=\"article\" \/>\n<meta property=\"og:title\" content=\"WHISTLEBLOWING - eurodiesgroup\" \/>\n<meta property=\"og:url\" content=\"https:\/\/www.eurodies.com\/de\/whistleblowing-de\/\" \/>\n<meta property=\"og:site_name\" content=\"eurodiesgroup\" \/>\n<meta property=\"article:modified_time\" content=\"2023-12-28T08:31:02+00:00\" \/>\n<meta name=\"twitter:card\" content=\"summary_large_image\" \/>\n<meta name=\"twitter:label1\" content=\"Gesch\u00e4tzte Lesezeit\" \/>\n\t<meta name=\"twitter:data1\" content=\"2\u00a0Minuten\" \/>\n<!-- \/ Yoast SEO plugin. -->","yoast_head_json":{"title":"WHISTLEBLOWING - eurodiesgroup","robots":{"index":"index","follow":"follow","max-snippet":"max-snippet:-1","max-image-preview":"max-image-preview:large","max-video-preview":"max-video-preview:-1"},"canonical":"https:\/\/www.eurodies.com\/de\/whistleblowing-de\/","og_locale":"de_DE","og_type":"article","og_title":"WHISTLEBLOWING - eurodiesgroup","og_url":"https:\/\/www.eurodies.com\/de\/whistleblowing-de\/","og_site_name":"eurodiesgroup","article_modified_time":"2023-12-28T08:31:02+00:00","twitter_card":"summary_large_image","twitter_misc":{"Gesch\u00e4tzte Lesezeit":"2\u00a0Minuten"},"schema":{"@context":"https:\/\/schema.org","@graph":[{"@type":"WebPage","@id":"https:\/\/www.eurodies.com\/de\/whistleblowing-de\/","url":"https:\/\/www.eurodies.com\/de\/whistleblowing-de\/","name":"WHISTLEBLOWING - eurodiesgroup","isPartOf":{"@id":"https:\/\/www.eurodies.com\/it\/#website"},"datePublished":"2023-12-14T10:31:47+00:00","dateModified":"2023-12-28T08:31:02+00:00","breadcrumb":{"@id":"https:\/\/www.eurodies.com\/de\/whistleblowing-de\/#breadcrumb"},"inLanguage":"de","potentialAction":[{"@type":"ReadAction","target":["https:\/\/www.eurodies.com\/de\/whistleblowing-de\/"]}]},{"@type":"BreadcrumbList","@id":"https:\/\/www.eurodies.com\/de\/whistleblowing-de\/#breadcrumb","itemListElement":[{"@type":"ListItem","position":1,"name":"Home","item":"https:\/\/www.eurodies.com\/de\/"},{"@type":"ListItem","position":2,"name":"WHISTLEBLOWING"}]},{"@type":"WebSite","@id":"https:\/\/www.eurodies.com\/it\/#website","url":"https:\/\/www.eurodies.com\/it\/","name":"eurodiesgroup","description":"Eurodies","potentialAction":[{"@type":"SearchAction","target":{"@type":"EntryPoint","urlTemplate":"https:\/\/www.eurodies.com\/it\/?s={search_term_string}"},"query-input":{"@type":"PropertyValueSpecification","valueRequired":true,"valueName":"search_term_string"}}],"inLanguage":"de"}]}},"_links":{"self":[{"href":"https:\/\/www.eurodies.com\/de\/wp-json\/wp\/v2\/pages\/3415","targetHints":{"allow":["GET"]}}],"collection":[{"href":"https:\/\/www.eurodies.com\/de\/wp-json\/wp\/v2\/pages"}],"about":[{"href":"https:\/\/www.eurodies.com\/de\/wp-json\/wp\/v2\/types\/page"}],"author":[{"embeddable":true,"href":"https:\/\/www.eurodies.com\/de\/wp-json\/wp\/v2\/users\/1"}],"replies":[{"embeddable":true,"href":"https:\/\/www.eurodies.com\/de\/wp-json\/wp\/v2\/comments?post=3415"}],"version-history":[{"count":0,"href":"https:\/\/www.eurodies.com\/de\/wp-json\/wp\/v2\/pages\/3415\/revisions"}],"wp:attachment":[{"href":"https:\/\/www.eurodies.com\/de\/wp-json\/wp\/v2\/media?parent=3415"}],"curies":[{"name":"wp","href":"https:\/\/api.w.org\/{rel}","templated":true}]}}