{"id":2913,"date":"2022-06-20T17:05:16","date_gmt":"2022-06-20T17:05:16","guid":{"rendered":"https:\/\/www.eurodies.com\/?page_id=2913"},"modified":"2022-06-28T20:37:54","modified_gmt":"2022-06-28T20:37:54","slug":"datenschutz-bestimmungen","status":"publish","type":"page","link":"https:\/\/www.eurodies.com\/de\/datenschutz-bestimmungen\/","title":{"rendered":"DATENSCHUTZ-BESTIMMUNGEN"},"content":{"rendered":"<div class=\"fusion-fullwidth fullwidth-box fusion-builder-row-1 fusion-flex-container nonhundred-percent-fullwidth non-hundred-percent-height-scrolling\" style=\"--awb-background-position:left top;--awb-border-sizes-top:0px;--awb-border-sizes-bottom:0px;--awb-border-sizes-left:0px;--awb-border-sizes-right:0px;--awb-border-radius-top-left:0px;--awb-border-radius-top-right:0px;--awb-border-radius-bottom-right:0px;--awb-border-radius-bottom-left:0px;--awb-padding-top:20px;--awb-padding-right:140px;--awb-padding-bottom:20px;--awb-padding-left:140px;--awb-padding-right-small:20px;--awb-padding-left-small:20px;--awb-flex-wrap:wrap;\" ><div class=\"fusion-builder-row fusion-row fusion-flex-align-items-flex-start fusion-flex-justify-content-center fusion-flex-content-wrap\" style=\"max-width:104%;margin-left: calc(-4% \/ 2 );margin-right: calc(-4% \/ 2 );\"><div class=\"fusion-layout-column fusion_builder_column fusion-builder-column-0 fusion_builder_column_2_3 2_3 fusion-flex-column\" style=\"--awb-bg-size:cover;--awb-width-large:66.666666666667%;--awb-margin-top-large:0px;--awb-spacing-right-large:2.88%;--awb-margin-bottom-large:20px;--awb-spacing-left-large:2.88%;--awb-width-medium:100%;--awb-spacing-right-medium:1.92%;--awb-spacing-left-medium:1.92%;--awb-width-small:100%;--awb-spacing-right-small:1.92%;--awb-spacing-left-small:1.92%;\"><div class=\"fusion-column-wrapper fusion-flex-justify-content-flex-start fusion-content-layout-column\"><div class=\"fusion-title title fusion-title-1 fusion-sep-none fusion-title-text fusion-title-size-one\" style=\"--awb-margin-bottom:50px;--awb-margin-top-small:10px;--awb-margin-right-small:0px;--awb-margin-bottom-small:10px;--awb-margin-left-small:0px;--awb-font-size:36px;\"><h1 class=\"fusion-title-heading title-heading-left fusion-responsive-typography-calculated\" style=\"margin:0;font-size:1em;--fontSize:36;line-height:1.2;\">Datenschutz-Bestimmungen<\/h1><\/div><div class=\"fusion-text fusion-text-1\" style=\"--awb-text-transform:none;\"><p>Lieber Benutzer,<\/p>\n<p>Hiermit stellen wir Ihnen die Datenschutzbestimmungen gem\u00e4\u00df den Artikeln 13-14 der Europ\u00e4ischen Datenschutzverordnung (DSGVO) zur Verf\u00fcgung, um Sie \u00fcber die Art der online gesammelten Informationen und \u00fcber Ihre Rechte zu informieren, um in deren Sammlung, Speicherung und L\u00f6schung einzugreifen. Dies liegt daran, dass es wichtig ist und wir uns bem\u00fchen, dass die Verarbeitung Ihrer Daten auf den Grunds\u00e4tzen der Richtigkeit, Rechtm\u00e4\u00dfigkeit, Transparenz, des Schutzes Ihrer Privatsph\u00e4re und Ihrer Rechte basiert.<\/p>\n<p><strong>INHABER DER DATENVERARBEITUNG<\/strong><\/p>\n<p>Die eingegebenen personenbezogenen Daten werden innerhalb der Website von EURODIES ITALIA SRL, Umsatzsteuer-Identifikationsnummer \/ CF 00578730012, in der Person des gesetzlichen Vertreters Secondina Berrino, mit Sitz in Avigliana (TO), in Viale dei Mareschi, 25 &#8211; Italien, Adresse pec: eurodiesitalia@pec.it.<\/p>\n<p>Secondina Berrino verarbeitet als Vorstandsvorsitzende von Eurodies Italia srl \u200b\u200b\u200b\u200bund als Datenverantwortlicher Ihre personenbezogenen Daten ausschlie\u00dflich f\u00fcr die Zwecke, die mit der Bereitstellung der durch Ausf\u00fcllen des Kontaktformulars angeforderten Informationen verbunden sind.<\/p>\n<p><strong>N\u00dcTZLICHE DEFINITIONEN F\u00dcR DEN BENUTZER<\/strong><\/p>\n<p>In Bezug auf die oben genannten Datenverarbeitung erinnert der Datenverantwortliche wie folgt:<\/p>\n<ul>\n<li>&#8222;personenbezogene Daten&#8220; gem\u00e4\u00df Art. 4 Nummer 1 der EU-Verordnung 2016\/679 sind alle Informationen, die sich auf eine identifizierte oder identifizierbare physische Person beziehen (d.h die &#8222;interessierte Partei&#8220; im Sinne der Gesetzgebung).<\/li>\n<li>Die interessierte Partei ist identifizierbar, wenn die nat\u00fcrliche (physische) Person direkt oder indirekt unter besonderer Bezugnahme auf ein identifizierendes Element wie z.B. Namen, Standortdaten, eine Online-Kennung oder ein oder mehrere charakteristische Elemente der physischen Identit\u00e4t festgestellt werden kann. (Dies k\u00f6nnen genetische, physiologische, psychologische, wirtschaftliche, kulturelle oder soziale Aspekte sein).<\/li>\n<li>&#8222;Datenverarbeitung&#8220; (gem\u00e4\u00df Art. 4 Nummer 2 der EU-Verordnung 2016\/679) sind einzelne oder mehrere Operationen,\u00a0 die mit oder ohne Hilfe automatisierter Verfahren durchgef\u00fchrt werden, die sich auf personenbezogene Daten beziehen . Die Behandlung umfasst daher die Sammlung, Registrierung, Organisation, Strukturierung, Speicherung, Anpassung oder \u00c4nderung, Extraktion, Konsultation, Verwendung, Kommunikation durch \u00dcbertragung, Verbreitung oder jede andere verf\u00fcgbare Form, durch Vergleich oder die Zusammenschaltung, Einschr\u00e4nkung, L\u00f6schung oder Zerst\u00f6rung der personenbezogenen Daten des Interessenten wie oben definiert.<\/li>\n<\/ul>\n<p><strong>ORT UND EMPF\u00c4NGER DER DATENVERARBEITUNG<\/strong><\/p>\n<p>Die Verarbeitung der auf der Website eingegebenen Daten erfolgt bei EURODIES ITALIA SRL, MwSt. \/ CF 00578730012, am Hauptsitz in Avigliana (TO), in der Viale dei Mareschi, 25 &#8211; Italien oder am Betriebssitz in Rivoli (TO), in Corso IV November, 195 \/ b und werden nur und ausschlie\u00dflich von den f\u00fcr die Verarbeitung zust\u00e4ndigen Mitarbeitern innerhalb des Unternehmens,\u00a0oder von der Person, die f\u00fcr die Pflege der Website verantwortlich ist. Die Website befindet sich innerhalb des Siteground-Rechenzentrums mit Sitz im Europ\u00e4ischen Wirtschaftsraum.<\/p>\n<p>Die Daten, die der Interessent im Kontaktformular auf der Website zur Erlangung von Informationen jeglicher Art zur Verf\u00fcgung stellt, werden nicht an Andere als die oben ausdr\u00fccklich Genannten intern-oder extern weitergegeben und dienen ausschlie\u00dflich der Nutzung der angeforderten Dienstleistung.<\/p>\n<p><strong>ART DES DATENOBJEKTS DER DATENVERARBEITUNG<\/strong><\/p>\n<p>Alle Daten werden vom Benutzer freiwillig bereitgestellt, indem er das entsprechende Kontaktformular auf der Website ausf\u00fcllt oder indem er eine optionale, freiwillige und ausdr\u00fcckliche E-Mail an die auf der Website angegebene E-Mail-Adresse sendet. Dies beinhaltet die konsequente Erfassung der Absenderadresse, aller angegebenen Telefonkontakte, des Referenznamens sowie aller anderen personenbezogenen Daten, die ausschlie\u00dflich zum Zweck der Bearbeitung der weitergeleiteten Anfrage eingegeben werden. Der Inhaber verwendet keinen automatisierten Entscheidungsprozess.<\/p>\n<p><strong>OPTIONALE NATUR DER DATEN- UND RECHTLICHE GRUNDLAGE<\/strong><\/p>\n<p>Der Interessent stellt freiwillig, und ausdr\u00fccklich seine personenbezogenen Daten zur Verf\u00fcgung, um Informationen anzufordern, indem er das Kontaktformular ausf\u00fcllt oder eine E-Mail an die auf der Website angegebene E-Mail-Adresse sendet. Wenn Sie diese nicht bereitstellen, k\u00f6nnen Sie m\u00f6glicherweise nicht die gew\u00fcnschten Informationen erhalten. Es werden keine anderen personenbezogenen Daten angefordert.Alle nicht erforderlichen Daten werden zur\u00fcckgegeben. Es werden keine Daten f\u00fcr kommerzielle oder Werbezwecke verarbeitet.<\/p>\n<p>Bez\u00fcglich der Navigationsdaten wird jedoch auf die Cookie-Richtlinie verwiesen.<\/p>\n<p><strong>DATEN\u00dcBERTRAGUNG AN EIN NICHT-EU-DRITTLAND<\/strong><\/p>\n<p>No transfers of personal data are carried out in non-EU territory.<\/p>\n<p><strong>AUFBEWAHRUNGSZEITRAUM<\/strong><\/p>\n<p>Maximal 24 Monate ab Erteilung der Einwilligung, sofern nicht zuvor storniert.<\/p>\n<\/div><div class=\"accordian fusion-accordian\" style=\"--awb-border-size:1px;--awb-icon-size:13px;--awb-content-font-size:18px;--awb-icon-alignment:left;--awb-hover-color:#f9f9f9;--awb-border-color:#cccccc;--awb-background-color:#ffffff;--awb-divider-color:#e0dede;--awb-divider-hover-color:#e0dede;--awb-icon-color:#ffffff;--awb-title-color:#ef7c00;--awb-content-color:#000000;--awb-icon-box-color:#333333;--awb-toggle-hover-accent-color:#ef7c00;--awb-title-font-family:&quot;Roboto Condensed&quot;;--awb-title-font-weight:400;--awb-title-font-style:normal;--awb-title-font-size:20px;--awb-content-font-family:&quot;Roboto Condensed&quot;;--awb-content-font-style:normal;--awb-content-font-weight:400;\"><div class=\"panel-group fusion-toggle-icon-boxed\" id=\"accordion-2913-1\"><div class=\"fusion-panel panel-default panel-69c4388b335d6fcac fusion-toggle-no-divider fusion-toggle-boxed-mode\"><div class=\"panel-heading\"><h4 class=\"panel-title toggle\" id=\"toggle_69c4388b335d6fcac\"><a aria-expanded=\"false\" aria-controls=\"69c4388b335d6fcac\" role=\"button\" data-toggle=\"collapse\" data-parent=\"#accordion-2913-1\" data-target=\"#69c4388b335d6fcac\" href=\"#69c4388b335d6fcac\"><span class=\"fusion-toggle-icon-wrapper\" aria-hidden=\"true\"><i class=\"fa-fusion-box active-icon awb-icon-minus\" aria-hidden=\"true\"><\/i><i class=\"fa-fusion-box inactive-icon awb-icon-plus\" aria-hidden=\"true\"><\/i><\/span><span class=\"fusion-toggle-heading\">Verwendungszweck der pers\u00f6nlichen Daten<\/span><\/a><\/h4><\/div><div id=\"69c4388b335d6fcac\" class=\"panel-collapse collapse \" aria-labelledby=\"toggle_69c4388b335d6fcac\"><div class=\"panel-body toggle-content fusion-clearfix\">\n<p>Bewerbungen, Beantwortung von Anfragen oder Fragen des Interessenten<\/p>\n<\/div><\/div><\/div><\/div><\/div><div class=\"accordian fusion-accordian\" style=\"--awb-border-size:1px;--awb-icon-size:13px;--awb-content-font-size:18px;--awb-icon-alignment:left;--awb-hover-color:#f9f9f9;--awb-border-color:#cccccc;--awb-background-color:#ffffff;--awb-divider-color:#e0dede;--awb-divider-hover-color:#e0dede;--awb-icon-color:#ffffff;--awb-title-color:#ef7c00;--awb-content-color:#000000;--awb-icon-box-color:#333333;--awb-toggle-hover-accent-color:#ef7c00;--awb-title-font-family:&quot;Roboto Condensed&quot;;--awb-title-font-weight:400;--awb-title-font-style:normal;--awb-title-font-size:20px;--awb-content-font-family:&quot;Roboto Condensed&quot;;--awb-content-font-style:normal;--awb-content-font-weight:400;\"><div class=\"panel-group fusion-toggle-icon-boxed\" id=\"accordion-2913-2\"><div class=\"fusion-panel panel-default panel-b6c89bd164cf3cc30 fusion-toggle-no-divider fusion-toggle-boxed-mode\"><div class=\"panel-heading\"><h4 class=\"panel-title toggle\" id=\"toggle_b6c89bd164cf3cc30\"><a aria-expanded=\"false\" aria-controls=\"b6c89bd164cf3cc30\" role=\"button\" data-toggle=\"collapse\" data-parent=\"#accordion-2913-2\" data-target=\"#b6c89bd164cf3cc30\" href=\"#b6c89bd164cf3cc30\"><span class=\"fusion-toggle-icon-wrapper\" aria-hidden=\"true\"><i class=\"fa-fusion-box active-icon awb-icon-minus\" aria-hidden=\"true\"><\/i><i class=\"fa-fusion-box inactive-icon awb-icon-plus\" aria-hidden=\"true\"><\/i><\/span><span class=\"fusion-toggle-heading\">Gesetzliche Grundlage der Datenverarbeitung<\/span><\/a><\/h4><\/div><div id=\"b6c89bd164cf3cc30\" class=\"panel-collapse collapse \" aria-labelledby=\"toggle_b6c89bd164cf3cc30\"><div class=\"panel-body toggle-content fusion-clearfix\">\n<p>Zustimmung<\/p>\n<\/div><\/div><\/div><\/div><\/div><div class=\"accordian fusion-accordian\" style=\"--awb-border-size:1px;--awb-icon-size:13px;--awb-content-font-size:18px;--awb-icon-alignment:left;--awb-hover-color:#f9f9f9;--awb-border-color:#cccccc;--awb-background-color:#ffffff;--awb-divider-color:#e0dede;--awb-divider-hover-color:#e0dede;--awb-icon-color:#ffffff;--awb-title-color:#ef7c00;--awb-content-color:#000000;--awb-icon-box-color:#333333;--awb-toggle-hover-accent-color:#ef7c00;--awb-title-font-family:&quot;Roboto Condensed&quot;;--awb-title-font-weight:400;--awb-title-font-style:normal;--awb-title-font-size:20px;--awb-content-font-family:&quot;Roboto Condensed&quot;;--awb-content-font-style:normal;--awb-content-font-weight:400;\"><div class=\"panel-group fusion-toggle-icon-boxed\" id=\"accordion-2913-3\"><div class=\"fusion-panel panel-default panel-e67c4909253b29200 fusion-toggle-no-divider fusion-toggle-boxed-mode\"><div class=\"panel-heading\"><h4 class=\"panel-title toggle\" id=\"toggle_e67c4909253b29200\"><a aria-expanded=\"false\" aria-controls=\"e67c4909253b29200\" role=\"button\" data-toggle=\"collapse\" data-parent=\"#accordion-2913-3\" data-target=\"#e67c4909253b29200\" href=\"#e67c4909253b29200\"><span class=\"fusion-toggle-icon-wrapper\" aria-hidden=\"true\"><i class=\"fa-fusion-box active-icon awb-icon-minus\" aria-hidden=\"true\"><\/i><i class=\"fa-fusion-box inactive-icon awb-icon-plus\" aria-hidden=\"true\"><\/i><\/span><span class=\"fusion-toggle-heading\">Kategorie der pers\u00f6nlichen Datenverarbeitung<\/span><\/a><\/h4><\/div><div id=\"e67c4909253b29200\" class=\"panel-collapse collapse \" aria-labelledby=\"toggle_e67c4909253b29200\"><div class=\"panel-body toggle-content fusion-clearfix\">\n<p>Identifizierbare Daten zur Person des interessenten<\/p>\n<\/div><\/div><\/div><\/div><\/div><div class=\"accordian fusion-accordian\" style=\"--awb-border-size:1px;--awb-icon-size:13px;--awb-content-font-size:18px;--awb-icon-alignment:left;--awb-hover-color:#f9f9f9;--awb-border-color:#cccccc;--awb-background-color:#ffffff;--awb-divider-color:#e0dede;--awb-divider-hover-color:#e0dede;--awb-icon-color:#ffffff;--awb-title-color:#ef7c00;--awb-content-color:#000000;--awb-icon-box-color:#333333;--awb-toggle-hover-accent-color:#ef7c00;--awb-title-font-family:&quot;Roboto Condensed&quot;;--awb-title-font-weight:400;--awb-title-font-style:normal;--awb-title-font-size:20px;--awb-content-font-family:&quot;Roboto Condensed&quot;;--awb-content-font-style:normal;--awb-content-font-weight:400;\"><div class=\"panel-group fusion-toggle-icon-boxed\" id=\"accordion-2913-4\"><div class=\"fusion-panel panel-default panel-1e8fe80642a18132b fusion-toggle-no-divider fusion-toggle-boxed-mode\"><div class=\"panel-heading\"><h4 class=\"panel-title toggle\" id=\"toggle_1e8fe80642a18132b\"><a aria-expanded=\"false\" aria-controls=\"1e8fe80642a18132b\" role=\"button\" data-toggle=\"collapse\" data-parent=\"#accordion-2913-4\" data-target=\"#1e8fe80642a18132b\" href=\"#1e8fe80642a18132b\"><span class=\"fusion-toggle-icon-wrapper\" aria-hidden=\"true\"><i class=\"fa-fusion-box active-icon awb-icon-minus\" aria-hidden=\"true\"><\/i><i class=\"fa-fusion-box inactive-icon awb-icon-plus\" aria-hidden=\"true\"><\/i><\/span><span class=\"fusion-toggle-heading\">Zeitraum der Aufbewahrung der pers\u00f6nlichen Daten<\/span><\/a><\/h4><\/div><div id=\"1e8fe80642a18132b\" class=\"panel-collapse collapse \" aria-labelledby=\"toggle_1e8fe80642a18132b\"><div class=\"panel-body toggle-content fusion-clearfix\">\n<p>24 Monate nach Erhalt der Daten sofern keine Stornierung vorliegt<\/p>\n<\/div><\/div><\/div><\/div><\/div><div class=\"accordian fusion-accordian\" style=\"--awb-border-size:1px;--awb-icon-size:13px;--awb-content-font-size:18px;--awb-icon-alignment:left;--awb-hover-color:#f9f9f9;--awb-border-color:#cccccc;--awb-background-color:#ffffff;--awb-divider-color:#e0dede;--awb-divider-hover-color:#e0dede;--awb-icon-color:#ffffff;--awb-title-color:#ef7c00;--awb-content-color:#000000;--awb-icon-box-color:#333333;--awb-toggle-hover-accent-color:#ef7c00;--awb-title-font-family:&quot;Roboto Condensed&quot;;--awb-title-font-weight:400;--awb-title-font-style:normal;--awb-title-font-size:20px;--awb-content-font-family:&quot;Roboto Condensed&quot;;--awb-content-font-style:normal;--awb-content-font-weight:400;\"><div class=\"panel-group fusion-toggle-icon-boxed\" id=\"accordion-2913-5\"><div class=\"fusion-panel panel-default panel-7b709bc412ea63514 fusion-toggle-no-divider fusion-toggle-boxed-mode\"><div class=\"panel-heading\"><h4 class=\"panel-title toggle\" id=\"toggle_7b709bc412ea63514\"><a aria-expanded=\"false\" aria-controls=\"7b709bc412ea63514\" role=\"button\" data-toggle=\"collapse\" data-parent=\"#accordion-2913-5\" data-target=\"#7b709bc412ea63514\" href=\"#7b709bc412ea63514\"><span class=\"fusion-toggle-icon-wrapper\" aria-hidden=\"true\"><i class=\"fa-fusion-box active-icon awb-icon-minus\" aria-hidden=\"true\"><\/i><i class=\"fa-fusion-box inactive-icon awb-icon-plus\" aria-hidden=\"true\"><\/i><\/span><span class=\"fusion-toggle-heading\">Daten Uebertragung in Drittl\u00e4nder (Extra EU)<\/span><\/a><\/h4><\/div><div id=\"7b709bc412ea63514\" class=\"panel-collapse collapse \" aria-labelledby=\"toggle_7b709bc412ea63514\"><div class=\"panel-body toggle-content fusion-clearfix\">\n<p>Nein<\/p>\n<\/div><\/div><\/div><\/div><\/div><div class=\"fusion-text fusion-text-2\" style=\"--awb-text-transform:none;--awb-margin-top:20px;\"><p><strong>BEHANDLUNGSMETHODE<\/strong><\/p>\n<p>Die im Kontaktformular eingegebenen oder durch Senden der E-Mail an die auf der Website angegebenen E-Mail-Adresse angegebenen personenbezogenen Daten werden in Papierform, computergest\u00fctzt und telematisch verarbeitet und in die entsprechende Datenbank eingegeben, auf die die Mitarbeiter zugreifen k\u00f6nnen, und sind daher von dem f\u00fcr die Verarbeitungverantwortlichen ausdr\u00fccklich f\u00fcr die Verarbeitung personenbezogener Daten bekannt. Diese Verantwortlichen, die in der Lage sind, Konsultationen, Verwendungen, Verarbeitungen, Vergleiche und sonstige geeignete Vorg\u00e4nge gem\u00e4\u00df den gesetzlichen Bestimmungen durchzuf\u00fchren, die unter anderem zur Gew\u00e4hrleistung der Vertraulichkeit der Datensicherheit sowie deren Richtigkeit, Aktualisierung und Relevanz der Daten in Bezug auf die angegebenen Zwecke dient,wird hierdurch gew\u00e4hrleistet. Der Eigent\u00fcmer verwendet keinen automatisierten Prozess.<\/p>\n<p><strong>RECHTE DER INTERESSIERTEN PARTEIEN<\/strong><\/p>\n<p>Die interessierte Partei kann in Bezug auf die personenbezogenen Daten, die der Offenlegung unterliegen, die in der nachstehend genannten EU-Verordnung vorgesehenen Rechte aus\u00fcben:<\/p>\n<ul>\n<li>Zugangsrecht des Interessenten gem\u00e4\u00df Art. 15 der EU-Verordnung: d.h. die M\u00f6glichkeit, \u00fcber die Verarbeitung der personenbezogenen Daten informiert zu werden und m\u00f6glicherweise eine Kopie zu erhalten;<\/li>\n<li>Recht auf Berichtigung personenbezogener Daten gem\u00e4\u00df Art. 16 der EU-Verordnung: d.h. die M\u00f6glichkeit der Berichtigung ungenauer personenbezogener Daten, die ihn betreffen;<\/li>\n<li>Recht, Ihre personenbezogenen Daten unverz\u00fcglich zu stornieren (&#8222;Recht auf Vergessenwerden&#8220;) gem\u00e4\u00df Art. 17 der EU-Verordnung, d.h. die interessierte Partei hat und wird das Recht haben, ihre Daten l\u00f6schen zu lassen;<\/li>\n<li>Recht, auf Einschr\u00e4nkung der Verarbeitung Ihrer personenbezogenen Daten, enthalten im art. 18 der EU-Verordnung, auch im Falle einer rechtswidrigen Verarbeitung oder eines Streits \u00fcber die Richtigkeit der personenbezogenen Daten durch die interessierte Partei;<\/li>\n<li>Recht auf Daten\u00fcbertragbarkeit gem\u00e4\u00df Artikel 20 der EU-Verordnung. Die interessierte Partei kann ihre personenbezogenen Daten in einem strukturierten Format anfordern, um sie in\u00a0 demselben Zusammenhang an einen anderen Inhaber weiterzuleiten.<\/li>\n<li>Widerspruchsrecht gegen die Verarbeitung personenbezogener Daten gem\u00e4\u00df Art. 21 der EU-Verordnung;<\/li>\n<li>Recht, nicht automatisierten Entscheidungsprozessen gem\u00e4\u00df Art. 22 der EU-Verordnung zu unterliegen;<\/li>\n<\/ul>\n<p>Die oben genannten Rechte k\u00f6nnen gem\u00e4\u00df der Bestimmungen angewandt werden, indem eine E-Mail an privacy@eurodiesitalia.com gesendet wird.<\/p>\n<p>In \u00dcbereinstimmung gem\u00e4\u00df des Artikels 19 der EU-Verordnung werden die Empf\u00e4nger, denen die personenbezogenen Daten mitgeteilt wurden, \u00fcber etwaige Korrekturen, L\u00f6schungen oder Einschr\u00e4nkungen der angeforderten Verarbeitung informiert.<\/p>\n<p>In Bezug auf die oben genannten Zwecke hat der Interessent das Recht, jederzeit mit dem Widerruf der Einwilligung zur Verarbeitung von Identifikations- und personenbezogenen Daten fortzufahren, indem er eine E-Mail an privacy@eurodiesitalia.com sendet. Gem\u00e4\u00df des Artikels 7 der EU-Verordnung ber\u00fchrt der Widerruf der Einwilligung nicht die Rechtm\u00e4\u00dfigkeit der Verarbeitung auf der Grundlage, der vor dem Widerruf erteilten Einwilligung.<\/p>\n<p><strong>RECHT AUF BESCHWERDE<\/strong><\/p>\n<p>Wenn der Betroffene der Ansicht ist, dass seine Rechte beeintr\u00e4chtigt wurden, hat er das Recht, bei der Garantiebeh\u00f6rde eine Beschwerde zum Schutz personenbezogener Daten gem\u00e4\u00df den von derselben Beh\u00f6rde unter der folgenden <a href=\"http:\/\/www.garanteprivacy.it\/web\/guest\/home\/docweb\/-\/docweb-display\/docweb\/4535524\" target=\"_blank\" rel=\"noopener\">Internetadresse einzureichen.<\/a><\/p>\n<\/div><\/div><\/div><\/div><\/div>\n","protected":false},"excerpt":{"rendered":"","protected":false},"author":1,"featured_media":0,"parent":0,"menu_order":0,"comment_status":"closed","ping_status":"closed","template":"100-width.php","meta":{"_acf_changed":false,"om_disable_all_campaigns":false,"_monsterinsights_skip_tracking":false,"_monsterinsights_sitenote_active":false,"_monsterinsights_sitenote_note":"","_monsterinsights_sitenote_category":0,"footnotes":""},"class_list":["post-2913","page","type-page","status-publish","hentry"],"acf":[],"yoast_head":"<!-- This site is optimized with the Yoast SEO plugin v27.4 - https:\/\/yoast.com\/product\/yoast-seo-wordpress\/ -->\n<title>DATENSCHUTZ-BESTIMMUNGEN - eurodiesgroup<\/title>\n<meta name=\"robots\" content=\"index, follow, max-snippet:-1, max-image-preview:large, max-video-preview:-1\" \/>\n<link rel=\"canonical\" href=\"https:\/\/www.eurodies.com\/de\/datenschutz-bestimmungen\/\" \/>\n<meta property=\"og:locale\" content=\"de_DE\" \/>\n<meta property=\"og:type\" content=\"article\" \/>\n<meta property=\"og:title\" content=\"DATENSCHUTZ-BESTIMMUNGEN - eurodiesgroup\" \/>\n<meta property=\"og:url\" content=\"https:\/\/www.eurodies.com\/de\/datenschutz-bestimmungen\/\" \/>\n<meta property=\"og:site_name\" content=\"eurodiesgroup\" \/>\n<meta property=\"article:modified_time\" content=\"2022-06-28T20:37:54+00:00\" \/>\n<meta name=\"twitter:card\" content=\"summary_large_image\" \/>\n<meta name=\"twitter:label1\" content=\"Gesch\u00e4tzte Lesezeit\" \/>\n\t<meta name=\"twitter:data1\" content=\"13\u00a0Minuten\" \/>\n<!-- \/ Yoast SEO plugin. -->","yoast_head_json":{"title":"DATENSCHUTZ-BESTIMMUNGEN - eurodiesgroup","robots":{"index":"index","follow":"follow","max-snippet":"max-snippet:-1","max-image-preview":"max-image-preview:large","max-video-preview":"max-video-preview:-1"},"canonical":"https:\/\/www.eurodies.com\/de\/datenschutz-bestimmungen\/","og_locale":"de_DE","og_type":"article","og_title":"DATENSCHUTZ-BESTIMMUNGEN - eurodiesgroup","og_url":"https:\/\/www.eurodies.com\/de\/datenschutz-bestimmungen\/","og_site_name":"eurodiesgroup","article_modified_time":"2022-06-28T20:37:54+00:00","twitter_card":"summary_large_image","twitter_misc":{"Gesch\u00e4tzte Lesezeit":"13\u00a0Minuten"},"schema":{"@context":"https:\/\/schema.org","@graph":[{"@type":"WebPage","@id":"https:\/\/www.eurodies.com\/de\/datenschutz-bestimmungen\/","url":"https:\/\/www.eurodies.com\/de\/datenschutz-bestimmungen\/","name":"DATENSCHUTZ-BESTIMMUNGEN - eurodiesgroup","isPartOf":{"@id":"https:\/\/www.eurodies.com\/it\/#website"},"datePublished":"2022-06-20T17:05:16+00:00","dateModified":"2022-06-28T20:37:54+00:00","breadcrumb":{"@id":"https:\/\/www.eurodies.com\/de\/datenschutz-bestimmungen\/#breadcrumb"},"inLanguage":"de","potentialAction":[{"@type":"ReadAction","target":["https:\/\/www.eurodies.com\/de\/datenschutz-bestimmungen\/"]}]},{"@type":"BreadcrumbList","@id":"https:\/\/www.eurodies.com\/de\/datenschutz-bestimmungen\/#breadcrumb","itemListElement":[{"@type":"ListItem","position":1,"name":"Home","item":"https:\/\/www.eurodies.com\/de\/"},{"@type":"ListItem","position":2,"name":"DATENSCHUTZ-BESTIMMUNGEN"}]},{"@type":"WebSite","@id":"https:\/\/www.eurodies.com\/it\/#website","url":"https:\/\/www.eurodies.com\/it\/","name":"eurodiesgroup","description":"Eurodies","potentialAction":[{"@type":"SearchAction","target":{"@type":"EntryPoint","urlTemplate":"https:\/\/www.eurodies.com\/it\/?s={search_term_string}"},"query-input":{"@type":"PropertyValueSpecification","valueRequired":true,"valueName":"search_term_string"}}],"inLanguage":"de"}]}},"_links":{"self":[{"href":"https:\/\/www.eurodies.com\/de\/wp-json\/wp\/v2\/pages\/2913","targetHints":{"allow":["GET"]}}],"collection":[{"href":"https:\/\/www.eurodies.com\/de\/wp-json\/wp\/v2\/pages"}],"about":[{"href":"https:\/\/www.eurodies.com\/de\/wp-json\/wp\/v2\/types\/page"}],"author":[{"embeddable":true,"href":"https:\/\/www.eurodies.com\/de\/wp-json\/wp\/v2\/users\/1"}],"replies":[{"embeddable":true,"href":"https:\/\/www.eurodies.com\/de\/wp-json\/wp\/v2\/comments?post=2913"}],"version-history":[{"count":0,"href":"https:\/\/www.eurodies.com\/de\/wp-json\/wp\/v2\/pages\/2913\/revisions"}],"wp:attachment":[{"href":"https:\/\/www.eurodies.com\/de\/wp-json\/wp\/v2\/media?parent=2913"}],"curies":[{"name":"wp","href":"https:\/\/api.w.org\/{rel}","templated":true}]}}