{"id":2872,"date":"2022-06-19T21:12:08","date_gmt":"2022-06-19T21:12:08","guid":{"rendered":"https:\/\/www.eurodies.com\/jobs-careers\/"},"modified":"2022-06-23T10:03:47","modified_gmt":"2022-06-23T10:03:47","slug":"offene-stellen","status":"publish","type":"page","link":"https:\/\/www.eurodies.com\/de\/offene-stellen\/","title":{"rendered":"Offene Stellen"},"content":{"rendered":"<p><div class=\"fusion-fullwidth fullwidth-box fusion-builder-row-1 fusion-flex-container hundred-percent-fullwidth non-hundred-percent-height-scrolling\" style=\"--awb-border-radius-top-left:0px;--awb-border-radius-top-right:0px;--awb-border-radius-bottom-right:0px;--awb-border-radius-bottom-left:0px;--awb-padding-right:0px;--awb-padding-left:0px;--awb-background-color:rgba(255,255,255,0);--awb-flex-wrap:wrap;\" ><div class=\"fusion-builder-row fusion-row fusion-flex-align-items-flex-start fusion-flex-content-wrap\" style=\"width:104% !important;max-width:104% !important;margin-left: calc(-4% \/ 2 );margin-right: calc(-4% \/ 2 );\"><div class=\"fusion-layout-column fusion_builder_column fusion-builder-column-0 fusion_builder_column_1_1 1_1 fusion-flex-column fusion-flex-align-self-flex-start fusion-column-no-min-height\" style=\"--awb-bg-size:cover;--awb-width-large:100%;--awb-margin-top-large:0px;--awb-spacing-right-large:1.92%;--awb-margin-bottom-large:0px;--awb-spacing-left-large:1.92%;--awb-width-medium:100%;--awb-spacing-right-medium:1.92%;--awb-spacing-left-medium:1.92%;--awb-width-small:100%;--awb-spacing-right-small:1.92%;--awb-spacing-left-small:1.92%;\"><div class=\"fusion-column-wrapper fusion-flex-justify-content-flex-start fusion-content-layout-column\"><div class=\"fusion-image-element \" style=\"--awb-caption-title-font-family:var(--h2_typography-font-family);--awb-caption-title-font-weight:var(--h2_typography-font-weight);--awb-caption-title-font-style:var(--h2_typography-font-style);--awb-caption-title-size:var(--h2_typography-font-size);--awb-caption-title-transform:var(--h2_typography-text-transform);--awb-caption-title-line-height:var(--h2_typography-line-height);--awb-caption-title-letter-spacing:var(--h2_typography-letter-spacing);\"><span class=\" fusion-imageframe imageframe-none imageframe-1 hover-type-none\"><img decoding=\"async\" width=\"1920\" height=\"926\" title=\"jobs-&#038;-careers\" src=\"https:\/\/www.eurodies.com\/wp-content\/uploads\/2022\/04\/jobs-careers.jpg\" alt class=\"img-responsive wp-image-2214\" srcset=\"https:\/\/www.eurodies.com\/wp-content\/uploads\/2022\/04\/jobs-careers-200x96.jpg 200w, https:\/\/www.eurodies.com\/wp-content\/uploads\/2022\/04\/jobs-careers-400x193.jpg 400w, https:\/\/www.eurodies.com\/wp-content\/uploads\/2022\/04\/jobs-careers-600x289.jpg 600w, https:\/\/www.eurodies.com\/wp-content\/uploads\/2022\/04\/jobs-careers-800x386.jpg 800w, https:\/\/www.eurodies.com\/wp-content\/uploads\/2022\/04\/jobs-careers-1200x579.jpg 1200w, https:\/\/www.eurodies.com\/wp-content\/uploads\/2022\/04\/jobs-careers.jpg 1920w\" sizes=\"(max-width: 1024px) 100vw, (max-width: 640px) 100vw, 1920px\" \/><\/span><\/div><\/div><\/div><\/div><\/div><div class=\"fusion-fullwidth fullwidth-box fusion-builder-row-2 fusion-flex-container nonhundred-percent-fullwidth non-hundred-percent-height-scrolling\" style=\"--awb-background-position:left top;--awb-border-sizes-top:0px;--awb-border-sizes-bottom:0px;--awb-border-sizes-left:0px;--awb-border-sizes-right:0px;--awb-border-radius-top-left:0px;--awb-border-radius-top-right:0px;--awb-border-radius-bottom-right:0px;--awb-border-radius-bottom-left:0px;--awb-padding-top:70px;--awb-padding-bottom:20px;--awb-padding-top-small:20px;--awb-padding-right-small:20px;--awb-padding-bottom-small:20px;--awb-padding-left-small:20px;--awb-flex-wrap:wrap;\" ><div class=\"fusion-builder-row fusion-row fusion-flex-align-items-flex-start fusion-flex-justify-content-center fusion-flex-content-wrap\" style=\"max-width:104%;margin-left: calc(-4% \/ 2 );margin-right: calc(-4% \/ 2 );\"><div class=\"fusion-layout-column fusion_builder_column fusion-builder-column-1 fusion_builder_column_1_6 1_6 fusion-flex-column\" style=\"--awb-bg-size:cover;--awb-width-large:16.666666666667%;--awb-margin-top-large:0px;--awb-spacing-right-large:11.52%;--awb-margin-bottom-large:20px;--awb-spacing-left-large:11.52%;--awb-width-medium:100%;--awb-order-medium:0;--awb-spacing-right-medium:1.92%;--awb-spacing-left-medium:1.92%;--awb-width-small:100%;--awb-order-small:0;--awb-spacing-right-small:1.92%;--awb-spacing-left-small:1.92%;\"><div class=\"fusion-column-wrapper fusion-column-has-shadow fusion-flex-justify-content-flex-start fusion-content-layout-column\"><\/div><\/div><div class=\"fusion-layout-column fusion_builder_column fusion-builder-column-2 fusion_builder_column_2_3 2_3 fusion-flex-column\" style=\"--awb-bg-size:cover;--awb-width-large:66.666666666667%;--awb-margin-top-large:0px;--awb-spacing-right-large:2.88%;--awb-margin-bottom-large:20px;--awb-spacing-left-large:2.88%;--awb-width-medium:100%;--awb-spacing-right-medium:1.92%;--awb-spacing-left-medium:1.92%;--awb-width-small:100%;--awb-spacing-right-small:1.92%;--awb-spacing-left-small:1.92%;\"><div class=\"fusion-column-wrapper fusion-flex-justify-content-flex-start fusion-content-layout-column\"><div class=\"fusion-title title fusion-title-1 fusion-sep-none fusion-title-text fusion-title-size-one\" style=\"--awb-margin-bottom:50px;--awb-margin-top-small:10px;--awb-margin-right-small:0px;--awb-margin-bottom-small:10px;--awb-margin-left-small:0px;\"><h1 class=\"fusion-title-heading title-heading-left fusion-responsive-typography-calculated\" style=\"margin:0;--fontSize:42;line-height:1.2;\">JOBS &amp; CAREERS<\/h1><\/div><div class=\"fusion-text fusion-text-1\" style=\"--awb-text-transform:none;\"><p>W\u00fcrden Sie gerne in einem Unternehmen der Automobilbranche arbeiten? Bei Eurodies bewerten wir alle Lebensl\u00e4ufe von Menschen, die sich in einem verantwortungsvollen und dynamischen Umfeld weiterentwickeln wollen.<\/p>\n<p>Wir suchen insbesondere <strong>Ingenieure f\u00fcr die Industrie, Mechatroniker, Techniker und Facharbeiter<\/strong>. Wir sehen uns auch sehr junge Bewerber an und schauen nicht nur auf Erfahrung und Diplome. Bei uns z\u00e4hlen auch und vor allem Entschlossenheit, Talent und der Wille, gute Arbeit zu leisten.<\/p>\n<p>M\u00f6chten Sie sich bei Eurodies vorstellen? Zun\u00e4chst einmal danken wir Ihnen f\u00fcr Ihr Vertrauen!<\/p>\n<p>Bitte folgen Sie dem nachstehend angegebenen Pfad<\/p>\n<\/div><div style=\"text-align:center;\"><a class=\"fusion-button button-flat fusion-button-default-size button-custom fusion-button-default button-1 fusion-button-default-span fusion-button-default-type button-footer\" style=\"--awb-padding-top:24px;--awb-padding-right:42px;--awb-padding-bottom:24px;--awb-padding-left:42px;--button_accent_color:#ffffff;--button_accent_hover_color:#ffffff;--button_border_hover_color:#ffffff;--button-border-radius-top-left:50px;--button-border-radius-top-right:50px;--button-border-radius-bottom-right:50px;--button-border-radius-bottom-left:50px;--button_gradient_top_color:var(--awb-color6);--button_gradient_bottom_color:var(--awb-color6);--button_gradient_top_color_hover:rgba(237,114,37,0.7);--button_gradient_bottom_color_hover:rgba(237,114,37,0.7);--button_text_transform:none;--button_font_size:18px;--button_typography-font-family:&quot;Roboto&quot;;--button_typography-font-style:normal;--button_typography-font-weight:700;\" target=\"_self\" href=\"https:\/\/www.eurodies.com\/de\/kandidaten\/\"><span class=\"fusion-button-text awb-button__text awb-button__text--default\">Lesen Sie die DSGVO-Informationen<\/span><\/a><\/div><\/div><\/div><div class=\"fusion-layout-column fusion_builder_column fusion-builder-column-3 fusion_builder_column_1_6 1_6 fusion-flex-column\" style=\"--awb-bg-size:cover;--awb-width-large:16.666666666667%;--awb-margin-top-large:0px;--awb-spacing-right-large:11.52%;--awb-margin-bottom-large:20px;--awb-spacing-left-large:11.52%;--awb-width-medium:100%;--awb-order-medium:0;--awb-spacing-right-medium:1.92%;--awb-spacing-left-medium:1.92%;--awb-width-small:100%;--awb-order-small:0;--awb-spacing-right-small:1.92%;--awb-spacing-left-small:1.92%;\"><div class=\"fusion-column-wrapper fusion-column-has-shadow fusion-flex-justify-content-flex-start fusion-content-layout-column\"><\/div><\/div><\/div><\/div><\/p>\n","protected":false},"excerpt":{"rendered":"","protected":false},"author":1,"featured_media":0,"parent":0,"menu_order":0,"comment_status":"closed","ping_status":"closed","template":"100-width.php","meta":{"_acf_changed":false,"om_disable_all_campaigns":false,"_monsterinsights_skip_tracking":false,"_monsterinsights_sitenote_active":false,"_monsterinsights_sitenote_note":"","_monsterinsights_sitenote_category":0,"footnotes":""},"class_list":["post-2872","page","type-page","status-publish","hentry"],"acf":[],"yoast_head":"<!-- This site is optimized with the Yoast SEO plugin v27.4 - https:\/\/yoast.com\/product\/yoast-seo-wordpress\/ -->\n<title>Offene Stellen - eurodiesgroup<\/title>\n<meta name=\"robots\" content=\"index, follow, max-snippet:-1, max-image-preview:large, max-video-preview:-1\" \/>\n<link rel=\"canonical\" href=\"https:\/\/www.eurodies.com\/de\/offene-stellen\/\" \/>\n<meta property=\"og:locale\" content=\"de_DE\" \/>\n<meta property=\"og:type\" content=\"article\" \/>\n<meta property=\"og:title\" content=\"Offene Stellen - eurodiesgroup\" \/>\n<meta property=\"og:url\" content=\"https:\/\/www.eurodies.com\/de\/offene-stellen\/\" \/>\n<meta property=\"og:site_name\" content=\"eurodiesgroup\" \/>\n<meta property=\"article:modified_time\" content=\"2022-06-23T10:03:47+00:00\" \/>\n<meta name=\"twitter:card\" content=\"summary_large_image\" \/>\n<meta name=\"twitter:label1\" content=\"Gesch\u00e4tzte Lesezeit\" \/>\n\t<meta name=\"twitter:data1\" content=\"10\u00a0Minuten\" \/>\n<!-- \/ Yoast SEO plugin. -->","yoast_head_json":{"title":"Offene Stellen - eurodiesgroup","robots":{"index":"index","follow":"follow","max-snippet":"max-snippet:-1","max-image-preview":"max-image-preview:large","max-video-preview":"max-video-preview:-1"},"canonical":"https:\/\/www.eurodies.com\/de\/offene-stellen\/","og_locale":"de_DE","og_type":"article","og_title":"Offene Stellen - eurodiesgroup","og_url":"https:\/\/www.eurodies.com\/de\/offene-stellen\/","og_site_name":"eurodiesgroup","article_modified_time":"2022-06-23T10:03:47+00:00","twitter_card":"summary_large_image","twitter_misc":{"Gesch\u00e4tzte Lesezeit":"10\u00a0Minuten"},"schema":{"@context":"https:\/\/schema.org","@graph":[{"@type":"WebPage","@id":"https:\/\/www.eurodies.com\/de\/offene-stellen\/","url":"https:\/\/www.eurodies.com\/de\/offene-stellen\/","name":"Offene Stellen - eurodiesgroup","isPartOf":{"@id":"https:\/\/www.eurodies.com\/it\/#website"},"datePublished":"2022-06-19T21:12:08+00:00","dateModified":"2022-06-23T10:03:47+00:00","breadcrumb":{"@id":"https:\/\/www.eurodies.com\/de\/offene-stellen\/#breadcrumb"},"inLanguage":"de","potentialAction":[{"@type":"ReadAction","target":["https:\/\/www.eurodies.com\/de\/offene-stellen\/"]}]},{"@type":"BreadcrumbList","@id":"https:\/\/www.eurodies.com\/de\/offene-stellen\/#breadcrumb","itemListElement":[{"@type":"ListItem","position":1,"name":"Home","item":"https:\/\/www.eurodies.com\/de\/"},{"@type":"ListItem","position":2,"name":"Offene Stellen"}]},{"@type":"WebSite","@id":"https:\/\/www.eurodies.com\/it\/#website","url":"https:\/\/www.eurodies.com\/it\/","name":"eurodiesgroup","description":"Eurodies","potentialAction":[{"@type":"SearchAction","target":{"@type":"EntryPoint","urlTemplate":"https:\/\/www.eurodies.com\/it\/?s={search_term_string}"},"query-input":{"@type":"PropertyValueSpecification","valueRequired":true,"valueName":"search_term_string"}}],"inLanguage":"de"}]}},"_links":{"self":[{"href":"https:\/\/www.eurodies.com\/de\/wp-json\/wp\/v2\/pages\/2872","targetHints":{"allow":["GET"]}}],"collection":[{"href":"https:\/\/www.eurodies.com\/de\/wp-json\/wp\/v2\/pages"}],"about":[{"href":"https:\/\/www.eurodies.com\/de\/wp-json\/wp\/v2\/types\/page"}],"author":[{"embeddable":true,"href":"https:\/\/www.eurodies.com\/de\/wp-json\/wp\/v2\/users\/1"}],"replies":[{"embeddable":true,"href":"https:\/\/www.eurodies.com\/de\/wp-json\/wp\/v2\/comments?post=2872"}],"version-history":[{"count":0,"href":"https:\/\/www.eurodies.com\/de\/wp-json\/wp\/v2\/pages\/2872\/revisions"}],"wp:attachment":[{"href":"https:\/\/www.eurodies.com\/de\/wp-json\/wp\/v2\/media?parent=2872"}],"curies":[{"name":"wp","href":"https:\/\/api.w.org\/{rel}","templated":true}]}}