{"id":2863,"date":"2022-06-19T17:30:03","date_gmt":"2022-06-19T17:30:03","guid":{"rendered":"https:\/\/www.eurodies.com\/?page_id=2863"},"modified":"2022-06-27T18:55:10","modified_gmt":"2022-06-27T18:55:10","slug":"dsgvo","status":"publish","type":"page","link":"https:\/\/www.eurodies.com\/de\/dsgvo\/","title":{"rendered":"DSGVO"},"content":{"rendered":"<div class=\"fusion-fullwidth fullwidth-box fusion-builder-row-1 fusion-flex-container nonhundred-percent-fullwidth non-hundred-percent-height-scrolling\" style=\"--awb-background-position:left top;--awb-border-sizes-top:0px;--awb-border-sizes-bottom:0px;--awb-border-sizes-left:0px;--awb-border-sizes-right:0px;--awb-border-radius-top-left:0px;--awb-border-radius-top-right:0px;--awb-border-radius-bottom-right:0px;--awb-border-radius-bottom-left:0px;--awb-padding-top:20px;--awb-padding-right:140px;--awb-padding-bottom:20px;--awb-padding-left:140px;--awb-padding-right-small:20px;--awb-padding-left-small:20px;--awb-flex-wrap:wrap;\" ><div class=\"fusion-builder-row fusion-row fusion-flex-align-items-flex-start fusion-flex-justify-content-center fusion-flex-content-wrap\" style=\"max-width:104%;margin-left: calc(-4% \/ 2 );margin-right: calc(-4% \/ 2 );\"><div class=\"fusion-layout-column fusion_builder_column fusion-builder-column-0 fusion_builder_column_2_3 2_3 fusion-flex-column\" style=\"--awb-bg-size:cover;--awb-width-large:66.666666666667%;--awb-margin-top-large:0px;--awb-spacing-right-large:2.88%;--awb-margin-bottom-large:20px;--awb-spacing-left-large:2.88%;--awb-width-medium:100%;--awb-spacing-right-medium:1.92%;--awb-spacing-left-medium:1.92%;--awb-width-small:100%;--awb-spacing-right-small:1.92%;--awb-spacing-left-small:1.92%;\"><div class=\"fusion-column-wrapper fusion-flex-justify-content-flex-start fusion-content-layout-column\"><div class=\"fusion-title title fusion-title-1 fusion-sep-none fusion-title-text fusion-title-size-one\" style=\"--awb-margin-bottom:50px;--awb-margin-top-small:10px;--awb-margin-right-small:0px;--awb-margin-bottom-small:10px;--awb-margin-left-small:0px;--awb-font-size:36px;\"><h1 class=\"fusion-title-heading title-heading-left fusion-responsive-typography-calculated\" style=\"margin:0;font-size:1em;--fontSize:36;line-height:1.2;\">Der korrekte Umgang mit personenbezogenen Daten als Faktor der nachhaltigen Entwicklung<\/h1><\/div><div class=\"fusion-text fusion-text-1\" style=\"--awb-text-transform:none;\"><p>Fragen Sie sich, warum wir so viel Wert auf die Einhaltung der DSGVO legen? Als Unternehmen, das auf Innovation ausgerichtet ist, f\u00f6rdern wir eine fortschrittliche Arbeitskultur nicht nur im Hinblick auf die technologische Entwicklung, sondern auch im Rahmen des Organisationsmodells und bez\u00fcglich der Wertsch\u00e4tzung der Menschen in unserem Team.<\/p>\n<p>Die Abk\u00fcrzung DSGVO (Datenschutzgrundverordnung) umfasst das weite Thema der Verarbeitung personenbezogener Daten. Die korrekten Vorgehensweisen in diesem Bereich sind ein wesentlicher Aspekt in den Abl\u00e4ufen im Unternehmen. Bei uns stellt die korrekte Weitergabe von Daten aus den verschiedenen Bereichen und deren Qualit\u00e4t eine Garantie f\u00fcr die nachhaltige, ethische und transparente Entwicklung aller unserer T\u00e4tigkeiten dar. Und dies wird in Zukunft zunehmend der Fall sein.<\/p>\n<p>Aufgrund der Bedeutung des Schutzes der Vertraulichkeit personenbezogener Daten widmen wir diese Seite der Website der Dokumentation zu diesem Thema im PDF-Format. Auf diese Weise k\u00f6nnen wir sicherstellen, dass alle darauf Zugriff haben, und dass die Informationen stets aktuell sind.<\/p>\n<p>F\u00fcr weitere Informationen zum Thema oder bei eventuellen R\u00fcckfragen senden Sie eine E-Mail an privacy@eurodiesitalia.com. Wir stehen gerne zu Ihrer Verf\u00fcgung.<\/p>\n<p>Laden Sie hier das gew\u00fcnschte Dokument herunter<\/p>\n<p><a style=\"text-decoration: underline; font-weight: bold; color: #ed7225;\" href=\"\/wp-content\/uploads\/2022\/06\/Privacy-Policy-for-Employees.pdf\" target=\"_blank\" rel=\"noopener\">DSGVO-Informationsschreiben f\u00fcr Mitarbeiter<\/a><\/p>\n<p><a style=\"text-decoration: underline; font-weight: bold; color: #ed7225;\" href=\"\/wp-content\/uploads\/2022\/06\/Privacy-Policy-for-Suppliers-and-Consultants.pdf\" target=\"_blank\" rel=\"noopener\">DSGVO-Informationsschreiben f\u00fcr externe Partner, Berater und Lieferanten<\/a><\/p>\n<p><a style=\"text-decoration: underline; font-weight: bold; color: #ed7225;\" href=\"\/wp-content\/uploads\/2022\/06\/Candidate-Privacy-Policy-eurodies.pdf\" target=\"_blank\" rel=\"noopener\">DSGVO-Informationsschreiben f\u00fcr Stellenbewerber<\/a><\/p>\n<\/div><\/div><\/div><\/div><\/div>\n","protected":false},"excerpt":{"rendered":"","protected":false},"author":1,"featured_media":0,"parent":0,"menu_order":0,"comment_status":"closed","ping_status":"closed","template":"100-width.php","meta":{"_acf_changed":false,"om_disable_all_campaigns":false,"_monsterinsights_skip_tracking":false,"_monsterinsights_sitenote_active":false,"_monsterinsights_sitenote_note":"","_monsterinsights_sitenote_category":0,"footnotes":""},"class_list":["post-2863","page","type-page","status-publish","hentry"],"acf":[],"yoast_head":"<!-- This site is optimized with the Yoast SEO plugin v27.6 - https:\/\/yoast.com\/product\/yoast-seo-wordpress\/ -->\n<title>DSGVO - eurodiesgroup<\/title>\n<meta name=\"robots\" content=\"index, follow, max-snippet:-1, max-image-preview:large, max-video-preview:-1\" \/>\n<link rel=\"canonical\" href=\"https:\/\/www.eurodies.com\/de\/dsgvo\/\" \/>\n<meta property=\"og:locale\" content=\"de_DE\" \/>\n<meta property=\"og:type\" content=\"article\" \/>\n<meta property=\"og:title\" content=\"DSGVO - eurodiesgroup\" \/>\n<meta property=\"og:url\" content=\"https:\/\/www.eurodies.com\/de\/dsgvo\/\" \/>\n<meta property=\"og:site_name\" content=\"eurodiesgroup\" \/>\n<meta property=\"article:modified_time\" content=\"2022-06-27T18:55:10+00:00\" \/>\n<meta name=\"twitter:card\" content=\"summary_large_image\" \/>\n<meta name=\"twitter:label1\" content=\"Gesch\u00e4tzte Lesezeit\" \/>\n\t<meta name=\"twitter:data1\" content=\"5\u00a0Minuten\" \/>\n<!-- \/ Yoast SEO plugin. -->","yoast_head_json":{"title":"DSGVO - eurodiesgroup","robots":{"index":"index","follow":"follow","max-snippet":"max-snippet:-1","max-image-preview":"max-image-preview:large","max-video-preview":"max-video-preview:-1"},"canonical":"https:\/\/www.eurodies.com\/de\/dsgvo\/","og_locale":"de_DE","og_type":"article","og_title":"DSGVO - eurodiesgroup","og_url":"https:\/\/www.eurodies.com\/de\/dsgvo\/","og_site_name":"eurodiesgroup","article_modified_time":"2022-06-27T18:55:10+00:00","twitter_card":"summary_large_image","twitter_misc":{"Gesch\u00e4tzte Lesezeit":"5\u00a0Minuten"},"schema":{"@context":"https:\/\/schema.org","@graph":[{"@type":"WebPage","@id":"https:\/\/www.eurodies.com\/de\/dsgvo\/","url":"https:\/\/www.eurodies.com\/de\/dsgvo\/","name":"DSGVO - eurodiesgroup","isPartOf":{"@id":"https:\/\/www.eurodies.com\/it\/#website"},"datePublished":"2022-06-19T17:30:03+00:00","dateModified":"2022-06-27T18:55:10+00:00","breadcrumb":{"@id":"https:\/\/www.eurodies.com\/de\/dsgvo\/#breadcrumb"},"inLanguage":"de","potentialAction":[{"@type":"ReadAction","target":["https:\/\/www.eurodies.com\/de\/dsgvo\/"]}]},{"@type":"BreadcrumbList","@id":"https:\/\/www.eurodies.com\/de\/dsgvo\/#breadcrumb","itemListElement":[{"@type":"ListItem","position":1,"name":"Home","item":"https:\/\/www.eurodies.com\/de\/"},{"@type":"ListItem","position":2,"name":"DSGVO"}]},{"@type":"WebSite","@id":"https:\/\/www.eurodies.com\/it\/#website","url":"https:\/\/www.eurodies.com\/it\/","name":"eurodiesgroup","description":"Eurodies","potentialAction":[{"@type":"SearchAction","target":{"@type":"EntryPoint","urlTemplate":"https:\/\/www.eurodies.com\/it\/?s={search_term_string}"},"query-input":{"@type":"PropertyValueSpecification","valueRequired":true,"valueName":"search_term_string"}}],"inLanguage":"de"}]}},"_links":{"self":[{"href":"https:\/\/www.eurodies.com\/de\/wp-json\/wp\/v2\/pages\/2863","targetHints":{"allow":["GET"]}}],"collection":[{"href":"https:\/\/www.eurodies.com\/de\/wp-json\/wp\/v2\/pages"}],"about":[{"href":"https:\/\/www.eurodies.com\/de\/wp-json\/wp\/v2\/types\/page"}],"author":[{"embeddable":true,"href":"https:\/\/www.eurodies.com\/de\/wp-json\/wp\/v2\/users\/1"}],"replies":[{"embeddable":true,"href":"https:\/\/www.eurodies.com\/de\/wp-json\/wp\/v2\/comments?post=2863"}],"version-history":[{"count":0,"href":"https:\/\/www.eurodies.com\/de\/wp-json\/wp\/v2\/pages\/2863\/revisions"}],"wp:attachment":[{"href":"https:\/\/www.eurodies.com\/de\/wp-json\/wp\/v2\/media?parent=2863"}],"curies":[{"name":"wp","href":"https:\/\/api.w.org\/{rel}","templated":true}]}}