{"id":2833,"date":"2022-06-19T16:29:49","date_gmt":"2022-06-19T16:29:49","guid":{"rendered":"https:\/\/www.eurodies.com\/?page_id=2833"},"modified":"2022-06-19T16:41:28","modified_gmt":"2022-06-19T16:41:28","slug":"service-angebote","status":"publish","type":"page","link":"https:\/\/www.eurodies.com\/de\/service-angebote\/","title":{"rendered":"Service-Angebote"},"content":{"rendered":"<p><div class=\"fusion-fullwidth fullwidth-box fusion-builder-row-1 fusion-flex-container hundred-percent-fullwidth non-hundred-percent-height-scrolling\" style=\"--awb-border-radius-top-left:0px;--awb-border-radius-top-right:0px;--awb-border-radius-bottom-right:0px;--awb-border-radius-bottom-left:0px;--awb-overflow:visible;--awb-padding-right:0px;--awb-padding-left:0px;--awb-flex-wrap:wrap;\" ><div class=\"fusion-builder-row fusion-row fusion-flex-align-items-flex-start fusion-flex-content-wrap\" style=\"width:104% !important;max-width:104% !important;margin-left: calc(-4% \/ 2 );margin-right: calc(-4% \/ 2 );\"><div class=\"fusion-layout-column fusion_builder_column fusion-builder-column-0 fusion_builder_column_1_1 1_1 fusion-flex-column fusion-flex-align-self-flex-start fusion-column-no-min-height\" style=\"--awb-bg-size:cover;--awb-width-large:100%;--awb-margin-top-large:0px;--awb-spacing-right-large:1.92%;--awb-margin-bottom-large:0px;--awb-spacing-left-large:1.92%;--awb-width-medium:100%;--awb-spacing-right-medium:1.92%;--awb-spacing-left-medium:1.92%;--awb-width-small:100%;--awb-spacing-right-small:1.92%;--awb-spacing-left-small:1.92%;\"><div class=\"fusion-column-wrapper fusion-flex-justify-content-flex-start fusion-content-layout-column\"><div class=\"fusion-image-element \" style=\"--awb-caption-title-font-family:var(--h2_typography-font-family);--awb-caption-title-font-weight:var(--h2_typography-font-weight);--awb-caption-title-font-style:var(--h2_typography-font-style);--awb-caption-title-size:var(--h2_typography-font-size);--awb-caption-title-transform:var(--h2_typography-text-transform);--awb-caption-title-line-height:var(--h2_typography-line-height);--awb-caption-title-letter-spacing:var(--h2_typography-letter-spacing);\"><span class=\" fusion-imageframe imageframe-none imageframe-1 hover-type-none\"><img decoding=\"async\" width=\"1920\" height=\"926\" title=\"servizi-presse\" src=\"https:\/\/www.eurodies.com\/wp-content\/uploads\/2022\/04\/servizi-presse.jpg\" alt class=\"img-responsive wp-image-2179\" srcset=\"https:\/\/www.eurodies.com\/wp-content\/uploads\/2022\/04\/servizi-presse-200x96.jpg 200w, https:\/\/www.eurodies.com\/wp-content\/uploads\/2022\/04\/servizi-presse-400x193.jpg 400w, https:\/\/www.eurodies.com\/wp-content\/uploads\/2022\/04\/servizi-presse-600x289.jpg 600w, https:\/\/www.eurodies.com\/wp-content\/uploads\/2022\/04\/servizi-presse-800x386.jpg 800w, https:\/\/www.eurodies.com\/wp-content\/uploads\/2022\/04\/servizi-presse-1200x579.jpg 1200w, https:\/\/www.eurodies.com\/wp-content\/uploads\/2022\/04\/servizi-presse.jpg 1920w\" sizes=\"(max-width: 1024px) 100vw, (max-width: 640px) 100vw, 1920px\" \/><\/span><\/div><\/div><\/div><\/div><\/div><div class=\"fusion-fullwidth fullwidth-box fusion-builder-row-2 fusion-flex-container nonhundred-percent-fullwidth non-hundred-percent-height-scrolling\" style=\"--awb-background-position:left top;--awb-border-sizes-top:0px;--awb-border-sizes-bottom:0px;--awb-border-sizes-left:0px;--awb-border-sizes-right:0px;--awb-border-radius-top-left:0px;--awb-border-radius-top-right:0px;--awb-border-radius-bottom-right:0px;--awb-border-radius-bottom-left:0px;--awb-padding-top:70px;--awb-padding-right:20px;--awb-padding-bottom:20px;--awb-padding-left:20px;--awb-padding-top-small:20px;--awb-padding-right-small:20px;--awb-padding-bottom-small:20px;--awb-padding-left-small:20px;--awb-margin-bottom:160px;--awb-margin-bottom-small:20px;--awb-flex-wrap:wrap;\" ><div class=\"fusion-builder-row fusion-row fusion-flex-align-items-flex-start fusion-flex-content-wrap\" style=\"max-width:104%;margin-left: calc(-4% \/ 2 );margin-right: calc(-4% \/ 2 );\"><div class=\"fusion-layout-column fusion_builder_column fusion-builder-column-1 fusion_builder_column_1_6 1_6 fusion-flex-column\" style=\"--awb-bg-size:cover;--awb-width-large:16.666666666667%;--awb-margin-top-large:0px;--awb-spacing-right-large:11.52%;--awb-margin-bottom-large:20px;--awb-spacing-left-large:11.52%;--awb-width-medium:100%;--awb-spacing-right-medium:1.92%;--awb-spacing-left-medium:1.92%;--awb-width-small:100%;--awb-spacing-right-small:1.92%;--awb-spacing-left-small:1.92%;\"><div class=\"fusion-column-wrapper fusion-flex-justify-content-flex-start fusion-content-layout-column\"><\/div><\/div><div class=\"fusion-layout-column fusion_builder_column fusion-builder-column-2 fusion_builder_column_2_3 2_3 fusion-flex-column\" style=\"--awb-bg-size:cover;--awb-width-large:66.666666666667%;--awb-margin-top-large:0px;--awb-spacing-right-large:2.88%;--awb-margin-bottom-large:20px;--awb-spacing-left-large:2.88%;--awb-width-medium:100%;--awb-spacing-right-medium:1.92%;--awb-spacing-left-medium:1.92%;--awb-width-small:100%;--awb-spacing-right-small:1.92%;--awb-spacing-left-small:1.92%;\"><div class=\"fusion-column-wrapper fusion-flex-justify-content-flex-start fusion-content-layout-column\"><div class=\"fusion-title title fusion-title-1 fusion-sep-none fusion-title-text fusion-title-size-one\" style=\"--awb-margin-top-small:10px;--awb-margin-right-small:0px;--awb-margin-bottom-small:10px;--awb-margin-left-small:0px;\"><h1 class=\"fusion-title-heading title-heading-left fusion-responsive-typography-calculated\" style=\"margin:0;--fontSize:42;line-height:1.2;\">PROTOTYPEN, KLEINSERIEN, BAUGRUPPEN<\/h1><\/div><div class=\"fusion-text fusion-text-1\" style=\"--awb-text-transform:none;\"><p>Im Unternehmen Eurodies fertigen und montieren wir Blechteile f\u00fcr Prototypen und Kleinserien von Autos und anderen Stra\u00dfenfahrzeugen. <strong>Flankenteile<\/strong>, deren Herstellung in der Regel mit zahlreichen Schwierigkeiten verbunden ist, sind das Aush\u00e4ngeschild unseres Unternehmens.<\/p>\n<\/div><div class=\"fusion-image-element \" style=\"--awb-margin-top:20px;--awb-margin-bottom:40px;--awb-margin-top-small:0px;--awb-margin-bottom-small:16px;--awb-caption-title-font-family:var(--h2_typography-font-family);--awb-caption-title-font-weight:var(--h2_typography-font-weight);--awb-caption-title-font-style:var(--h2_typography-font-style);--awb-caption-title-size:var(--h2_typography-font-size);--awb-caption-title-transform:var(--h2_typography-text-transform);--awb-caption-title-line-height:var(--h2_typography-line-height);--awb-caption-title-letter-spacing:var(--h2_typography-letter-spacing);\"><span class=\" fusion-imageframe imageframe-none imageframe-2 hover-type-none\"><img decoding=\"async\" width=\"1193\" height=\"678\" title=\"piccole-serie\" src=\"https:\/\/www.eurodies.com\/wp-content\/uploads\/2022\/04\/piccole-serie.jpg\" alt class=\"img-responsive wp-image-2180\" srcset=\"https:\/\/www.eurodies.com\/wp-content\/uploads\/2022\/04\/piccole-serie-200x114.jpg 200w, https:\/\/www.eurodies.com\/wp-content\/uploads\/2022\/04\/piccole-serie-400x227.jpg 400w, https:\/\/www.eurodies.com\/wp-content\/uploads\/2022\/04\/piccole-serie-600x341.jpg 600w, https:\/\/www.eurodies.com\/wp-content\/uploads\/2022\/04\/piccole-serie-800x455.jpg 800w, https:\/\/www.eurodies.com\/wp-content\/uploads\/2022\/04\/piccole-serie.jpg 1193w\" sizes=\"(max-width: 1024px) 100vw, (max-width: 640px) 100vw, 1193px\" \/><\/span><\/div><div class=\"fusion-text fusion-text-2\" style=\"--awb-text-transform:none;\"><p>Neben dem industriellen Prototypenbau sind wir auch im Bereich der <strong>Restaurierung von Oldtimern<\/strong> t\u00e4tig. Dabei handelt es sich um wahre Schmuckst\u00fccke, die wieder zum Leben erweckt und mit der Liebe des Sammlers behandelt werden.<\/p>\n<\/div><div class=\"fusion-image-element \" style=\"--awb-margin-top:20px;--awb-margin-bottom:40px;--awb-margin-top-small:0px;--awb-margin-bottom-small:16px;--awb-caption-title-font-family:var(--h2_typography-font-family);--awb-caption-title-font-weight:var(--h2_typography-font-weight);--awb-caption-title-font-style:var(--h2_typography-font-style);--awb-caption-title-size:var(--h2_typography-font-size);--awb-caption-title-transform:var(--h2_typography-text-transform);--awb-caption-title-line-height:var(--h2_typography-line-height);--awb-caption-title-letter-spacing:var(--h2_typography-letter-spacing);\"><span class=\" fusion-imageframe imageframe-none imageframe-3 hover-type-none\"><img decoding=\"async\" width=\"1193\" height=\"678\" title=\"auto-epoca\" src=\"https:\/\/www.eurodies.com\/wp-content\/uploads\/2022\/04\/auto-epoca.jpg\" alt class=\"img-responsive wp-image-2181\" srcset=\"https:\/\/www.eurodies.com\/wp-content\/uploads\/2022\/04\/auto-epoca-200x114.jpg 200w, https:\/\/www.eurodies.com\/wp-content\/uploads\/2022\/04\/auto-epoca-400x227.jpg 400w, https:\/\/www.eurodies.com\/wp-content\/uploads\/2022\/04\/auto-epoca-600x341.jpg 600w, https:\/\/www.eurodies.com\/wp-content\/uploads\/2022\/04\/auto-epoca-800x455.jpg 800w, https:\/\/www.eurodies.com\/wp-content\/uploads\/2022\/04\/auto-epoca.jpg 1193w\" sizes=\"(max-width: 1024px) 100vw, (max-width: 640px) 100vw, 1193px\" \/><\/span><\/div><div class=\"fusion-text fusion-text-3\" style=\"--awb-text-transform:none;\"><p>Unsere Arbeit zeichnet sich durch <strong>Qualit\u00e4t<\/strong>, <strong>Schnelligkeit<\/strong> und <strong>Flexibilit\u00e4t<\/strong> aus. Mit diesen grundlegenden Eigenschaften gehen wir jedes Ihrer Projekte an.<\/p>\n<p>Die Zielsetzung ist ein stets hervorragendes Ergebnis. Um dieses zu gew\u00e4hrleisten, stellen wir f\u00fcr jeden Auftrag ein Team, eine technologische Plattform und einen Ansprechpartner bereit, der Sie in jeder Phase des Projekts unterst\u00fctzt. Die Vorwegnahme und die Aufl\u00f6sung der Komplexit\u00e4t Ihres einzigartigen und individuellen Projekts stellen unsere t\u00e4gliche Herausforderung dar.<\/p>\n<\/div><\/div><\/div><div class=\"fusion-layout-column fusion_builder_column fusion-builder-column-3 fusion_builder_column_1_6 1_6 fusion-flex-column\" style=\"--awb-bg-size:cover;--awb-width-large:16.666666666667%;--awb-margin-top-large:0px;--awb-spacing-right-large:11.52%;--awb-margin-bottom-large:20px;--awb-spacing-left-large:11.52%;--awb-width-medium:100%;--awb-spacing-right-medium:1.92%;--awb-spacing-left-medium:1.92%;--awb-width-small:100%;--awb-spacing-right-small:1.92%;--awb-spacing-left-small:1.92%;\"><div class=\"fusion-column-wrapper fusion-flex-justify-content-flex-start fusion-content-layout-column\"><\/div><\/div><\/div><\/div><\/p>\n","protected":false},"excerpt":{"rendered":"","protected":false},"author":1,"featured_media":0,"parent":0,"menu_order":0,"comment_status":"closed","ping_status":"closed","template":"100-width.php","meta":{"_acf_changed":false,"om_disable_all_campaigns":false,"_monsterinsights_skip_tracking":false,"_monsterinsights_sitenote_active":false,"_monsterinsights_sitenote_note":"","_monsterinsights_sitenote_category":0,"footnotes":""},"class_list":["post-2833","page","type-page","status-publish","hentry"],"acf":[],"yoast_head":"<!-- This site is optimized with the Yoast SEO plugin v27.6 - https:\/\/yoast.com\/product\/yoast-seo-wordpress\/ -->\n<title>Service-Angebote - eurodiesgroup<\/title>\n<meta name=\"robots\" content=\"index, follow, max-snippet:-1, max-image-preview:large, max-video-preview:-1\" \/>\n<link rel=\"canonical\" href=\"https:\/\/www.eurodies.com\/de\/service-angebote\/\" \/>\n<meta property=\"og:locale\" content=\"de_DE\" \/>\n<meta property=\"og:type\" content=\"article\" \/>\n<meta property=\"og:title\" content=\"Service-Angebote - eurodiesgroup\" \/>\n<meta property=\"og:url\" content=\"https:\/\/www.eurodies.com\/de\/service-angebote\/\" \/>\n<meta property=\"og:site_name\" content=\"eurodiesgroup\" \/>\n<meta property=\"article:modified_time\" content=\"2022-06-19T16:41:28+00:00\" \/>\n<meta name=\"twitter:card\" content=\"summary_large_image\" \/>\n<meta name=\"twitter:label1\" content=\"Gesch\u00e4tzte Lesezeit\" \/>\n\t<meta name=\"twitter:data1\" content=\"12\u00a0Minuten\" \/>\n<!-- \/ Yoast SEO plugin. -->","yoast_head_json":{"title":"Service-Angebote - eurodiesgroup","robots":{"index":"index","follow":"follow","max-snippet":"max-snippet:-1","max-image-preview":"max-image-preview:large","max-video-preview":"max-video-preview:-1"},"canonical":"https:\/\/www.eurodies.com\/de\/service-angebote\/","og_locale":"de_DE","og_type":"article","og_title":"Service-Angebote - eurodiesgroup","og_url":"https:\/\/www.eurodies.com\/de\/service-angebote\/","og_site_name":"eurodiesgroup","article_modified_time":"2022-06-19T16:41:28+00:00","twitter_card":"summary_large_image","twitter_misc":{"Gesch\u00e4tzte Lesezeit":"12\u00a0Minuten"},"schema":{"@context":"https:\/\/schema.org","@graph":[{"@type":"WebPage","@id":"https:\/\/www.eurodies.com\/de\/service-angebote\/","url":"https:\/\/www.eurodies.com\/de\/service-angebote\/","name":"Service-Angebote - eurodiesgroup","isPartOf":{"@id":"https:\/\/www.eurodies.com\/it\/#website"},"datePublished":"2022-06-19T16:29:49+00:00","dateModified":"2022-06-19T16:41:28+00:00","breadcrumb":{"@id":"https:\/\/www.eurodies.com\/de\/service-angebote\/#breadcrumb"},"inLanguage":"de","potentialAction":[{"@type":"ReadAction","target":["https:\/\/www.eurodies.com\/de\/service-angebote\/"]}]},{"@type":"BreadcrumbList","@id":"https:\/\/www.eurodies.com\/de\/service-angebote\/#breadcrumb","itemListElement":[{"@type":"ListItem","position":1,"name":"Home","item":"https:\/\/www.eurodies.com\/de\/"},{"@type":"ListItem","position":2,"name":"Service-Angebote"}]},{"@type":"WebSite","@id":"https:\/\/www.eurodies.com\/it\/#website","url":"https:\/\/www.eurodies.com\/it\/","name":"eurodiesgroup","description":"Eurodies","potentialAction":[{"@type":"SearchAction","target":{"@type":"EntryPoint","urlTemplate":"https:\/\/www.eurodies.com\/it\/?s={search_term_string}"},"query-input":{"@type":"PropertyValueSpecification","valueRequired":true,"valueName":"search_term_string"}}],"inLanguage":"de"}]}},"_links":{"self":[{"href":"https:\/\/www.eurodies.com\/de\/wp-json\/wp\/v2\/pages\/2833","targetHints":{"allow":["GET"]}}],"collection":[{"href":"https:\/\/www.eurodies.com\/de\/wp-json\/wp\/v2\/pages"}],"about":[{"href":"https:\/\/www.eurodies.com\/de\/wp-json\/wp\/v2\/types\/page"}],"author":[{"embeddable":true,"href":"https:\/\/www.eurodies.com\/de\/wp-json\/wp\/v2\/users\/1"}],"replies":[{"embeddable":true,"href":"https:\/\/www.eurodies.com\/de\/wp-json\/wp\/v2\/comments?post=2833"}],"version-history":[{"count":0,"href":"https:\/\/www.eurodies.com\/de\/wp-json\/wp\/v2\/pages\/2833\/revisions"}],"wp:attachment":[{"href":"https:\/\/www.eurodies.com\/de\/wp-json\/wp\/v2\/media?parent=2833"}],"curies":[{"name":"wp","href":"https:\/\/api.w.org\/{rel}","templated":true}]}}